{"id":4207,"date":"2022-08-16T16:14:42","date_gmt":"2022-08-16T16:14:42","guid":{"rendered":"https:\/\/servercolombia.com.co\/sitiio\/?page_id=4207"},"modified":"2024-08-28T21:12:56","modified_gmt":"2024-08-28T21:12:56","slug":"metodos-de-pago-en-colombia","status":"publish","type":"page","link":"https:\/\/servercolombia.com.co\/sitio\/metodos-de-pago-en-colombia\/","title":{"rendered":"METODOS DE PAGO EN COLOMBIA"},"content":{"rendered":"<p><section id=\"bt_bb_section69e33de10ee49\" class=\"bt_bb_section bt_bb_color_scheme_1 bt_bb_layout_boxed_1200 bt_bb_vertical_align_top bt_bb_background_overlay_top_dark_gradient bt_bb_bottom_section_coverage_image bt_bb_section_with_bottom_coverage_image bt_bb_top_spacing_large bt_bb_bottom_spacing_large\" style=\"; --section-primary-color:#ffffff; --section-secondary-color:#191919;\" data-bt-override-class=\"null\"><div class=\"bt_bb_background_image_holder_wrapper\"><div class=\"bt_bb_background_image_holder btLazyLoadBackground bt_bb_parallax\"  data-background_image_src=\"https:\/\/servercolombia.com.co\/sitio\/wp-content\/uploads\/2022\/08\/fondo-paginas-.jpg\" data-parallax=\"0.7\" data-parallax-offset=\"0\" data-parallax-zoom-start=\"1\" data-parallax-zoom-end=\"1\" data-parallax-blur-start=\"0\" data-parallax-blur-end=\"0\" data-parallax-opacity-start=\"1\" data-parallax-opacity-end=\"1\" style=\" background-image: url(&#039;https:\/\/servercolombia.com.co\/sitio\/wp-content\/plugins\/bold-page-builder\/img\/blank.gif&#039;);\"><\/div><\/div><div class=\"bt_bb_port\"><div class=\"bt_bb_cell\"><div class=\"bt_bb_cell_inner\"><div class=\"bt_bb_row  bt_bb_column_gap_0\" style=\"; --column-gap:0px;\" data-bt-override-class=\"{}\"><div class=\"bt_bb_row_holder\" ><div  class=\"bt_bb_column col-xxl-6 col-xl-6 bt_bb_vertical_align_top bt_bb_align_left bt_bb_padding_normal bt_bb_animation_fade_in animate\" style=\"; --column-width:6;\" data-width=\"6\" data-bt-override-class=\"{}\"><div class=\"bt_bb_column_content\"><div class=\"bt_bb_column_content_inner\"><div class=\"bt_bb_separator bt_bb_border_style_none bt_bb_border_color_none bt_bb_bottom_spacing_large bt_bb_hidden_xs bt_bb_hidden_ms\" data-bt-override-class=\"null\"><\/div><header class=\"bt_bb_headline bt_bb_dash_none btNoHeadline bt_bb_size_extralarge bt_bb_align_inherit\" data-bt-override-class=\"{&quot;bt_bb_size_&quot;:{&quot;current_class&quot;:&quot;bt_bb_size_extralarge&quot;,&quot;def&quot;:&quot;extralarge&quot;,&quot;xl&quot;:&quot;extralarge&quot;},&quot;bt_bb_align_&quot;:{&quot;current_class&quot;:&quot;bt_bb_align_inherit&quot;,&quot;def&quot;:&quot;inherit&quot;,&quot;xl&quot;:&quot;inherit&quot;}}\"><\/header><div class=\"bt_bb_separator bt_bb_border_style_none bt_bb_border_color_none bt_bb_top_spacing_extra_small bt_bb_bottom_spacing_extra_large bt_bb_hidden_xs bt_bb_hidden_ms\" data-bt-override-class=\"{&quot;bt_bb_top_spacing_&quot;:{&quot;current_class&quot;:&quot;bt_bb_top_spacing_extra_small&quot;,&quot;def&quot;:&quot;extra_small&quot;,&quot;xl&quot;:&quot;extra_small&quot;},&quot;bt_bb_bottom_spacing_&quot;:{&quot;current_class&quot;:&quot;bt_bb_bottom_spacing_extra_large&quot;,&quot;def&quot;:&quot;extra_large&quot;,&quot;xl&quot;:&quot;extra_large&quot;}}\"><\/div><\/div><\/div><\/div><div  class=\"bt_bb_column col-xxl-6 col-xl-6 bt_bb_vertical_align_top bt_bb_align_left bt_bb_padding_normal\" style=\"; --column-width:6;\" data-width=\"6\" data-bt-override-class=\"{}\"><div class=\"bt_bb_column_content\"><div class=\"bt_bb_column_content_inner\"><\/div><\/div><\/div><\/div><\/div><\/div><!-- cell_inner --><\/div><!-- cell --><\/div><!-- port --><div class=\"bt_bb_section_bottom_section_coverage_image\"><img decoding=\"async\" src=\"https:\/\/servercolombia.com.co\/sitio\/wp-content\/uploads\/2020\/08\/Wave_White_bottom_right_shape_03.png\" alt=\"bt_bb_section_bottom_section_coverage_image\" \/><\/div><\/section><section id=\"bt_bb_section69e33de10f27e\" class=\"bt_bb_section bt_bb_layout_boxed_1200 bt_bb_vertical_align_top bt_bb_top_spacing_large bt_bb_bottom_spacing_medium\"  data-bt-override-class=\"null\"><div class=\"bt_bb_port\"><div class=\"bt_bb_cell\"><div class=\"bt_bb_cell_inner\"><div class=\"bt_bb_row bt_bb_row_push_left bt_bb_content_wide bt_bb_row_width_boxed_1200 bt_bb_row_width_boxed  bt_bb_column_gap_0\" style=\"; --column-gap:0px;\" data-bt-override-class=\"{}\"><div class=\"bt_bb_row_holder\" ><div  class=\"bt_bb_column col-xxl-6 col-xl-6 bt_bb_vertical_align_bottom bt_bb_align_right bt_bb_padding_normal bt_bb_animation_fade_in animate\" style=\"; --column-width:6;\" data-width=\"6\" data-bt-override-class=\"{}\"><div class=\"bt_bb_column_content\"><div class=\"bt_bb_column_content_inner\"><div class=\"bt_bb_image bt_bb_shape_square bt_bb_target_self bt_bb_align_inherit bt_bb_hover_style_simple bt_bb_content_display_always bt_bb_content_align_middle\" data-bt-override-class=\"{}\"><span><img fetchpriority=\"high\" decoding=\"async\" width=\"3332\" height=\"2890\" src=\"https:\/\/servercolombia.com.co\/sitio\/wp-content\/uploads\/2022\/08\/PAGOS.png\" class=\"attachment-full size-full\" alt=\"https:\/\/servercolombia.com.co\/sitio\/wp-content\/uploads\/2022\/08\/PAGOS.png\" data-full_image_src=\"https:\/\/servercolombia.com.co\/sitio\/wp-content\/uploads\/2022\/08\/PAGOS.png\" title=\"PAGOS\" loading=\"eager\" srcset=\"https:\/\/servercolombia.com.co\/sitio\/wp-content\/uploads\/2022\/08\/PAGOS.png 3332w, https:\/\/servercolombia.com.co\/sitio\/wp-content\/uploads\/2022\/08\/PAGOS-640x555.png 640w, https:\/\/servercolombia.com.co\/sitio\/wp-content\/uploads\/2022\/08\/PAGOS-1280x1110.png 1280w, https:\/\/servercolombia.com.co\/sitio\/wp-content\/uploads\/2022\/08\/PAGOS-768x666.png 768w, https:\/\/servercolombia.com.co\/sitio\/wp-content\/uploads\/2022\/08\/PAGOS-1536x1332.png 1536w, https:\/\/servercolombia.com.co\/sitio\/wp-content\/uploads\/2022\/08\/PAGOS-2048x1776.png 2048w, https:\/\/servercolombia.com.co\/sitio\/wp-content\/uploads\/2022\/08\/PAGOS-320x278.png 320w\" sizes=\"(max-width: 3332px) 100vw, 3332px\" \/><\/span><\/div><div class=\"bt_bb_separator bt_bb_border_style_none bt_bb_border_color_none bt_bb_bottom_spacing_normal\" data-bt-override-class=\"null\"><\/div><\/div><\/div><\/div><div  class=\"bt_bb_column col-xxl-6 col-xl-6 bt_bb_vertical_align_middle bt_bb_align_left bt_bb_padding_20 bt_bb_animation_fade_in animate\" style=\"; --column-width:6;\" data-width=\"6\" data-bt-override-class=\"{}\"><div class=\"bt_bb_column_content\"><div class=\"bt_bb_column_content_inner\"><div class=\"bt_bb_testimonial bt_bb_text_size_medium bt_bb_font_weight_bold bt_bb_quote_position_hide\"><div class=\"bt_bb_testimonial_text\"><span>METODOS DE PAGO EN COLOMBIA<\/span><\/div><div class=\"bt_bb_testimonial_text_box\"><div class=\"bt_bb_testimonial_left_box\"><span class=\"bt_bb_testimonial_details\"><br \/>\nPagos por Tarjeta de cr\u00e9dito, PSE , Baloto y Via<\/span><\/div><div class=\"bt_bb_testimonial_right_box\"><\/div><\/div><\/div><div class=\"bt_bb_separator bt_bb_border_style_solid bt_bb_border_color_gray bt_bb_top_spacing_20 bt_bb_bottom_spacing_20\" data-bt-override-class=\"null\"><\/div><div  class=\"bt_bb_text\" ><\/p>\n<p>PayU Latam es la plataforma de pagos para Am\u00e9rica Latina de PayU Group; compa\u00f1\u00eda que cuenta con subsidiarias en 16 pa\u00edses de Europa, Asia, \u00c1frica y Am\u00e9rica Latina. La marca PayU Latam ingresa al mercado latinoamericano a trav\u00e9s de Pagosonline; empresa con m\u00e1s de 10 a\u00f1os de trayectoria en soluciones de pagos y recaudos electr\u00f3nicos en la regi\u00f3n. Para pagos con Tarjeta de Credito PSE y Baloto. Selecciona la forma de pago PAYU al momento de enviar su orden de compra.<\/p>\n<p>\n<\/div><div class=\"bt_bb_separator bt_bb_border_style_none bt_bb_border_color_none bt_bb_bottom_spacing_large\" data-bt-override-class=\"null\"><\/div><\/div><\/div><\/div><\/div><\/div><\/div><!-- cell_inner --><\/div><!-- cell --><\/div><!-- port --><\/section><section id=\"bt_bb_section69e33de10fc1a\" class=\"bt_bb_section bt_bb_layout_boxed_1200 bt_bb_vertical_align_top bt_bb_top_spacing_large bt_bb_bottom_spacing_medium\"  data-bt-override-class=\"null\"><div class=\"bt_bb_port\"><div class=\"bt_bb_cell\"><div class=\"bt_bb_cell_inner\"><div class=\"bt_bb_row bt_bb_row_push_left bt_bb_content_wide bt_bb_row_width_boxed_1200 bt_bb_row_width_boxed  bt_bb_column_gap_0\" style=\"; --column-gap:0px;\" data-bt-override-class=\"{}\"><div class=\"bt_bb_row_holder\" ><div  class=\"bt_bb_column col-xxl-6 col-xl-6 bt_bb_vertical_align_middle bt_bb_align_left bt_bb_padding_20 bt_bb_animation_fade_in animate\" style=\"; --column-width:6;\" data-width=\"6\" data-bt-override-class=\"{}\"><div class=\"bt_bb_column_content\"><div class=\"bt_bb_column_content_inner\"><div class=\"bt_bb_testimonial bt_bb_text_size_medium bt_bb_font_weight_bold bt_bb_quote_position_hide\"><div class=\"bt_bb_testimonial_text\"><span>Consignaci\u00f3n Bancolombia<\/span><\/div><div class=\"bt_bb_testimonial_text_box\"><div class=\"bt_bb_testimonial_left_box\"><\/div><div class=\"bt_bb_testimonial_right_box\"><\/div><\/div><\/div><div class=\"bt_bb_separator bt_bb_border_style_solid bt_bb_border_color_gray bt_bb_top_spacing_20 bt_bb_bottom_spacing_20\" data-bt-override-class=\"null\"><\/div><div  class=\"bt_bb_text\" ><\/p>\n<p>Ofrecemos la modalidad de pago por Consignaci\u00f3n Bancaria para aquellos que no cuentan con tarjeta de cr\u00e9dito, d\u00e9bito. Selecciona la forma de pago BanColombia al momento de enviar su orden de compra. Se debe dirigir a una sucursal de Bancolombia y hacer la consignaci\u00f3n como lo indicamos a continuaci\u00f3n. Es importante que verifique los datos registrados para evitar confusiones y demoras en el proceso de sus pedidos.<br \/>\nPor favor tenga en cuenta la siguiente informaci\u00f3n para diligenciar el formato de<\/p>\n<p>\n<\/div><div  class=\"bt_bb_text\" ><\/p>\n<p>Consignaci\u00f3n Bancaria:<br \/>\n<b>Beneficiario:<\/b><\/p>\n<ul>\n<li>Blanca Maria Jimenez<\/li>\n<li>cedula: 35252032<\/li>\n<li>PBX: (601)5800600<\/li>\n<\/ul>\n<p><b>Numero de cuenta:<\/b><\/p>\n<ul>\n<li>N\u00famero de cuenta: 91222034723<\/li>\n<li>Cuenta de ahorros<\/li>\n<li>Bancolombia<\/li>\n<\/ul>\n<p><b>Consignaciones Fuera de Bogota sumar $10.600.<\/b><\/p>\n<p>\n<\/div><div class=\"bt_bb_separator bt_bb_border_style_none bt_bb_border_color_none bt_bb_bottom_spacing_normal\" data-bt-override-class=\"null\"><\/div><\/div><\/div><\/div><div  class=\"bt_bb_column col-xxl-6 col-xl-6 bt_bb_vertical_align_bottom bt_bb_align_right bt_bb_padding_normal bt_bb_animation_fade_in animate\" style=\"; --column-width:6;\" data-width=\"6\" data-bt-override-class=\"{}\"><div class=\"bt_bb_column_content\"><div class=\"bt_bb_column_content_inner\"><div class=\"bt_bb_image bt_bb_shape_square bt_bb_target_self bt_bb_align_inherit bt_bb_hover_style_simple bt_bb_content_display_always bt_bb_content_align_middle\" data-bt-override-class=\"{}\"><span><img decoding=\"async\" width=\"2133\" height=\"2133\" src=\"https:\/\/servercolombia.com.co\/sitio\/wp-content\/uploads\/2022\/08\/LOGO-BANCOLOMBIA.png\" class=\"attachment-full size-full\" alt=\"https:\/\/servercolombia.com.co\/sitio\/wp-content\/uploads\/2022\/08\/LOGO-BANCOLOMBIA.png\" data-full_image_src=\"https:\/\/servercolombia.com.co\/sitio\/wp-content\/uploads\/2022\/08\/LOGO-BANCOLOMBIA.png\" title=\"LOGO BANCOLOMBIA\" loading=\"eager\" srcset=\"https:\/\/servercolombia.com.co\/sitio\/wp-content\/uploads\/2022\/08\/LOGO-BANCOLOMBIA.png 2133w, https:\/\/servercolombia.com.co\/sitio\/wp-content\/uploads\/2022\/08\/LOGO-BANCOLOMBIA-640x640.png 640w, https:\/\/servercolombia.com.co\/sitio\/wp-content\/uploads\/2022\/08\/LOGO-BANCOLOMBIA-1280x1280.png 1280w, https:\/\/servercolombia.com.co\/sitio\/wp-content\/uploads\/2022\/08\/LOGO-BANCOLOMBIA-160x160.png 160w, https:\/\/servercolombia.com.co\/sitio\/wp-content\/uploads\/2022\/08\/LOGO-BANCOLOMBIA-768x768.png 768w, https:\/\/servercolombia.com.co\/sitio\/wp-content\/uploads\/2022\/08\/LOGO-BANCOLOMBIA-1536x1536.png 1536w, https:\/\/servercolombia.com.co\/sitio\/wp-content\/uploads\/2022\/08\/LOGO-BANCOLOMBIA-2048x2048.png 2048w, https:\/\/servercolombia.com.co\/sitio\/wp-content\/uploads\/2022\/08\/LOGO-BANCOLOMBIA-320x320.png 320w\" sizes=\"(max-width: 2133px) 100vw, 2133px\" \/><\/span><\/div><div class=\"bt_bb_separator bt_bb_border_style_none bt_bb_border_color_none bt_bb_bottom_spacing_normal\" data-bt-override-class=\"null\"><\/div><\/div><\/div><\/div><\/div><\/div><\/div><!-- cell_inner --><\/div><!-- cell --><\/div><!-- port --><\/section><section id=\"bt_bb_section69e33de110461\" class=\"bt_bb_section bt_bb_layout_boxed_1200 bt_bb_vertical_align_top bt_bb_top_spacing_large bt_bb_bottom_spacing_medium\"  data-bt-override-class=\"null\"><div class=\"bt_bb_port\"><div class=\"bt_bb_cell\"><div class=\"bt_bb_cell_inner\"><div class=\"bt_bb_row bt_bb_row_push_left bt_bb_content_wide bt_bb_row_width_boxed_1200 bt_bb_row_width_boxed  bt_bb_column_gap_0\" style=\"; --column-gap:0px;\" data-bt-override-class=\"{}\"><div class=\"bt_bb_row_holder\" ><div  class=\"bt_bb_column col-xxl-6 col-xl-6 bt_bb_vertical_align_middle bt_bb_align_left bt_bb_padding_20 bt_bb_animation_fade_in animate\" style=\"; --column-width:6;\" data-width=\"6\" data-bt-override-class=\"{}\"><div class=\"bt_bb_column_content\"><div class=\"bt_bb_column_content_inner\"><div data-bb-version=\"5.1.0\" class=\"bt_bb_testimonial bt_bb_text_size_medium bt_bb_font_weight_bold bt_bb_quote_position_hide\"><div class=\"bt_bb_testimonial_text\"><span>Consignaci\u00f3n WELLS FARGO<\/span><\/div><div class=\"bt_bb_testimonial_text_box\"><div class=\"bt_bb_testimonial_left_box\"><\/div><div class=\"bt_bb_testimonial_right_box\"><\/div><\/div><\/div><div class=\"bt_bb_separator bt_bb_border_style_solid bt_bb_border_color_gray bt_bb_top_spacing_20 bt_bb_bottom_spacing_20\" data-bt-override-class=\"null\"><\/div><div  class=\"bt_bb_text\" ><\/p>\n<p>Ofrecemos la modalidad de pago por Consignaci\u00f3n Bancaria para aquellos que se encuentran en Estados Unidos\u00a0 Seleccione Well Fargo\u00a0 al momento de enviar su orden de compra.\u00a0 Es importante que verifique los datos registrados para evitar confusiones y demoras en el proceso de sus pedidos.<br \/>\nPor favor tenga en cuenta la siguiente informaci\u00f3n para diligenciar el formato de<\/p>\n<p>\n<\/div><div  class=\"bt_bb_text\" ><\/p>\n<p>Consignaci\u00f3n Bancaria:<br \/>\n<b>Beneficiario:<\/b><\/p>\n<ul>\n<li>Juan Camilo Cubillos<\/li>\n<li>cedula: 82391259<\/li>\n<li>Correo JuanCamiloCu@hotmail.com<\/li>\n<li>PBX: 14076270747<\/li>\n<\/ul>\n<p><b>Numero de cuenta:<\/b><\/p>\n<ul>\n<li>N\u00famero de cuenta: 3734157948<\/li>\n<li>N\u00famero de ruta:\u00a0 \u00a0 \u00a0 063107513<\/li>\n<li>Cuenta de ahorros<\/li>\n<li>Wells Fargo<\/li>\n<\/ul>\n<p>&nbsp;<\/p>\n<p>\n<\/div><div class=\"bt_bb_separator bt_bb_border_style_none bt_bb_border_color_none bt_bb_bottom_spacing_normal\" data-bt-override-class=\"null\"><\/div><\/div><\/div><\/div><div  class=\"bt_bb_column col-xxl-6 col-xl-6 bt_bb_vertical_align_bottom bt_bb_align_right bt_bb_padding_normal bt_bb_animation_fade_in animate\" style=\"; --column-width:6;\" data-width=\"6\" data-bt-override-class=\"{}\"><div class=\"bt_bb_column_content\"><div class=\"bt_bb_column_content_inner\"><div data-bb-version=\"5.1.0\" class=\"bt_bb_image bt_bb_shape_square bt_bb_target_self bt_bb_align_inherit bt_bb_hover_style_simple bt_bb_content_display_always bt_bb_content_align_middle\" data-bt-override-class=\"{&quot;bt_bb_align_&quot;:{&quot;current_class&quot;:&quot;bt_bb_align_inherit&quot;,&quot;def&quot;:&quot;inherit&quot;},&quot;bt_bb_content_display_&quot;:{&quot;current_class&quot;:&quot;bt_bb_content_display_always&quot;,&quot;def&quot;:&quot;always&quot;}}\"><span><img decoding=\"async\" width=\"320\" height=\"320\" src=\"https:\/\/servercolombia.com.co\/sitio\/wp-content\/uploads\/2024\/08\/Wells_Fargo_Logo_2020.svg_.png\" class=\"attachment-full size-full\" alt=\"https:\/\/servercolombia.com.co\/sitio\/wp-content\/uploads\/2024\/08\/Wells_Fargo_Logo_2020.svg_.png\" data-full_image_src=\"https:\/\/servercolombia.com.co\/sitio\/wp-content\/uploads\/2024\/08\/Wells_Fargo_Logo_2020.svg_.png\" title=\"Wells_Fargo_Logo_(2020).svg\" loading=\"eager\" srcset=\"https:\/\/servercolombia.com.co\/sitio\/wp-content\/uploads\/2024\/08\/Wells_Fargo_Logo_2020.svg_.png 320w, https:\/\/servercolombia.com.co\/sitio\/wp-content\/uploads\/2024\/08\/Wells_Fargo_Logo_2020.svg_-160x160.png 160w\" sizes=\"(max-width: 320px) 100vw, 320px\" \/><\/span><\/div><div class=\"bt_bb_separator bt_bb_border_style_none bt_bb_border_color_none bt_bb_bottom_spacing_normal\" data-bt-override-class=\"null\"><\/div><\/div><\/div><\/div><\/div><\/div><\/div><!-- cell_inner --><\/div><!-- cell --><\/div><!-- port --><\/section><section id=\"bt_bb_section69e33de110eac\" class=\"bt_bb_section bt_bb_layout_boxed_1200 bt_bb_vertical_align_top bt_bb_top_spacing_large bt_bb_bottom_spacing_medium\"  data-bt-override-class=\"null\"><div class=\"bt_bb_port\"><div class=\"bt_bb_cell\"><div class=\"bt_bb_cell_inner\"><div class=\"bt_bb_row bt_bb_row_push_left bt_bb_content_wide bt_bb_row_width_boxed_1200 bt_bb_row_width_boxed  bt_bb_column_gap_0\" style=\"; --column-gap:0px;\" data-bt-override-class=\"{}\"><div class=\"bt_bb_row_holder\" ><div  class=\"bt_bb_column col-xxl-6 col-xl-6 bt_bb_vertical_align_bottom bt_bb_align_right bt_bb_padding_normal bt_bb_animation_fade_in animate\" style=\"; --column-width:6;\" data-width=\"6\" data-bt-override-class=\"{}\"><div class=\"bt_bb_column_content\"><div class=\"bt_bb_column_content_inner\"><div class=\"bt_bb_image bt_bb_shape_square bt_bb_target_self bt_bb_align_inherit bt_bb_hover_style_simple bt_bb_content_display_always bt_bb_content_align_middle\" data-bt-override-class=\"{}\"><span><img decoding=\"async\" width=\"2091\" height=\"1880\" src=\"https:\/\/servercolombia.com.co\/sitio\/wp-content\/uploads\/2022\/08\/LOGOS-PAGOS.png\" class=\"attachment-full size-full\" alt=\"https:\/\/servercolombia.com.co\/sitio\/wp-content\/uploads\/2022\/08\/LOGOS-PAGOS.png\" data-full_image_src=\"https:\/\/servercolombia.com.co\/sitio\/wp-content\/uploads\/2022\/08\/LOGOS-PAGOS.png\" title=\"LOGOS PAGOS\" loading=\"eager\" srcset=\"https:\/\/servercolombia.com.co\/sitio\/wp-content\/uploads\/2022\/08\/LOGOS-PAGOS.png 2091w, https:\/\/servercolombia.com.co\/sitio\/wp-content\/uploads\/2022\/08\/LOGOS-PAGOS-640x575.png 640w, https:\/\/servercolombia.com.co\/sitio\/wp-content\/uploads\/2022\/08\/LOGOS-PAGOS-1280x1151.png 1280w, https:\/\/servercolombia.com.co\/sitio\/wp-content\/uploads\/2022\/08\/LOGOS-PAGOS-768x691.png 768w, https:\/\/servercolombia.com.co\/sitio\/wp-content\/uploads\/2022\/08\/LOGOS-PAGOS-1536x1381.png 1536w, https:\/\/servercolombia.com.co\/sitio\/wp-content\/uploads\/2022\/08\/LOGOS-PAGOS-2048x1841.png 2048w, https:\/\/servercolombia.com.co\/sitio\/wp-content\/uploads\/2022\/08\/LOGOS-PAGOS-320x288.png 320w\" sizes=\"(max-width: 2091px) 100vw, 2091px\" \/><\/span><\/div><div class=\"bt_bb_separator bt_bb_border_style_none bt_bb_border_color_none bt_bb_bottom_spacing_normal\" data-bt-override-class=\"null\"><\/div><\/div><\/div><\/div><div  class=\"bt_bb_column col-xxl-6 col-xl-6 bt_bb_vertical_align_middle bt_bb_align_left bt_bb_padding_20 bt_bb_animation_fade_in animate\" style=\"; --column-width:6;\" data-width=\"6\" data-bt-override-class=\"{}\"><div class=\"bt_bb_column_content\"><div class=\"bt_bb_column_content_inner\"><div class=\"bt_bb_testimonial bt_bb_text_size_medium bt_bb_font_weight_bold bt_bb_quote_position_hide\"><div class=\"bt_bb_testimonial_text\"><span>Paypal<\/span><\/div><div class=\"bt_bb_testimonial_text_box\"><div class=\"bt_bb_testimonial_left_box\"><\/div><div class=\"bt_bb_testimonial_right_box\"><\/div><\/div><\/div><div class=\"bt_bb_separator bt_bb_border_style_solid bt_bb_border_color_gray bt_bb_top_spacing_20 bt_bb_bottom_spacing_20\" data-bt-override-class=\"null\"><\/div><div  class=\"bt_bb_text\" ><\/p>\n<p>Hosting Colombia Paypal Para su comodidad realice sus pagos utilizando Paypal, ya sea utilizando el saldo de su cuenta Paypal o bien con una tarjeta de cr\u00e9dito o d\u00e9bito de su preferencia mediante la p\u00e1gina de Paypal. Solo selecciona la forma de pago Paypal al momento de enviar su orden de compra.<\/p>\n<p>\n<\/div><div class=\"bt_bb_separator bt_bb_border_style_none bt_bb_border_color_none bt_bb_bottom_spacing_normal\" data-bt-override-class=\"null\"><\/div><div  class=\"bt_bb_text\" ><\/p>\n<p><b>CUENTA PAYPAL :<\/b><\/p>\n<ul>\n<li>admin@servercol.com<\/li>\n<\/ul>\n<p>\n<\/div><div class=\"bt_bb_separator bt_bb_border_style_none bt_bb_border_color_none bt_bb_bottom_spacing_large\" data-bt-override-class=\"null\"><\/div><\/div><\/div><\/div><\/div><\/div><\/div><!-- cell_inner --><\/div><!-- cell --><\/div><!-- port --><\/section><\/p>\n","protected":false},"excerpt":{"rendered":"","protected":false},"author":1,"featured_media":0,"parent":0,"menu_order":0,"comment_status":"closed","ping_status":"closed","template":"","meta":{"footnotes":""},"class_list":["post-4207","page","type-page","status-publish","hentry"],"yoast_head":"<!-- This site is optimized with the Yoast SEO plugin v23.6 - https:\/\/yoast.com\/wordpress\/plugins\/seo\/ -->\n<title>METODOS DE PAGO EN COLOMBIA - Encuentra Hosting y Dominio en Colombia PBX Virtual<\/title>\n<meta name=\"robots\" content=\"index, follow, max-snippet:-1, max-image-preview:large, max-video-preview:-1\" \/>\n<link rel=\"canonical\" href=\"https:\/\/servercolombia.com.co\/sitio\/metodos-de-pago-en-colombia\/\" \/>\n<meta property=\"og:locale\" content=\"es_ES\" \/>\n<meta property=\"og:type\" content=\"article\" \/>\n<meta property=\"og:title\" content=\"METODOS DE PAGO EN COLOMBIA - Encuentra Hosting y Dominio en Colombia PBX Virtual\" \/>\n<meta property=\"og:url\" content=\"https:\/\/servercolombia.com.co\/sitio\/metodos-de-pago-en-colombia\/\" \/>\n<meta property=\"og:site_name\" content=\"Encuentra Hosting y Dominio en Colombia PBX Virtual\" \/>\n<meta property=\"article:modified_time\" content=\"2024-08-28T21:12:56+00:00\" \/>\n<meta name=\"twitter:card\" content=\"summary_large_image\" \/>\n<meta name=\"twitter:label1\" content=\"Tiempo de lectura\" \/>\n\t<meta name=\"twitter:data1\" content=\"5 minutos\" \/>\n<script type=\"application\/ld+json\" class=\"yoast-schema-graph\">{\"@context\":\"https:\/\/schema.org\",\"@graph\":[{\"@type\":\"WebPage\",\"@id\":\"https:\/\/servercolombia.com.co\/sitio\/metodos-de-pago-en-colombia\/\",\"url\":\"https:\/\/servercolombia.com.co\/sitio\/metodos-de-pago-en-colombia\/\",\"name\":\"METODOS DE PAGO EN COLOMBIA - Encuentra Hosting y Dominio en Colombia PBX Virtual\",\"isPartOf\":{\"@id\":\"https:\/\/servercolombia.com.co\/sitio\/#website\"},\"datePublished\":\"2022-08-16T16:14:42+00:00\",\"dateModified\":\"2024-08-28T21:12:56+00:00\",\"breadcrumb\":{\"@id\":\"https:\/\/servercolombia.com.co\/sitio\/metodos-de-pago-en-colombia\/#breadcrumb\"},\"inLanguage\":\"es\",\"potentialAction\":[{\"@type\":\"ReadAction\",\"target\":[\"https:\/\/servercolombia.com.co\/sitio\/metodos-de-pago-en-colombia\/\"]}]},{\"@type\":\"BreadcrumbList\",\"@id\":\"https:\/\/servercolombia.com.co\/sitio\/metodos-de-pago-en-colombia\/#breadcrumb\",\"itemListElement\":[{\"@type\":\"ListItem\",\"position\":1,\"name\":\"Portada\",\"item\":\"https:\/\/servercolombia.com.co\/sitio\/\"},{\"@type\":\"ListItem\",\"position\":2,\"name\":\"METODOS DE PAGO EN COLOMBIA\"}]},{\"@type\":\"WebSite\",\"@id\":\"https:\/\/servercolombia.com.co\/sitio\/#website\",\"url\":\"https:\/\/servercolombia.com.co\/sitio\/\",\"name\":\"Encuentra Hosting y Dominio en Colombia PBX Virtual\",\"description\":\"Hosting y Dominios al mejor precio en Colombia PBX  Virtual\",\"potentialAction\":[{\"@type\":\"SearchAction\",\"target\":{\"@type\":\"EntryPoint\",\"urlTemplate\":\"https:\/\/servercolombia.com.co\/sitio\/?s={search_term_string}\"},\"query-input\":{\"@type\":\"PropertyValueSpecification\",\"valueRequired\":true,\"valueName\":\"search_term_string\"}}],\"inLanguage\":\"es\"}]}<\/script>\n<!-- \/ Yoast SEO plugin. -->","yoast_head_json":{"title":"METODOS DE PAGO EN COLOMBIA - Encuentra Hosting y Dominio en Colombia PBX Virtual","robots":{"index":"index","follow":"follow","max-snippet":"max-snippet:-1","max-image-preview":"max-image-preview:large","max-video-preview":"max-video-preview:-1"},"canonical":"https:\/\/servercolombia.com.co\/sitio\/metodos-de-pago-en-colombia\/","og_locale":"es_ES","og_type":"article","og_title":"METODOS DE PAGO EN COLOMBIA - Encuentra Hosting y Dominio en Colombia PBX Virtual","og_url":"https:\/\/servercolombia.com.co\/sitio\/metodos-de-pago-en-colombia\/","og_site_name":"Encuentra Hosting y Dominio en Colombia PBX Virtual","article_modified_time":"2024-08-28T21:12:56+00:00","twitter_card":"summary_large_image","twitter_misc":{"Tiempo de lectura":"5 minutos"},"schema":{"@context":"https:\/\/schema.org","@graph":[{"@type":"WebPage","@id":"https:\/\/servercolombia.com.co\/sitio\/metodos-de-pago-en-colombia\/","url":"https:\/\/servercolombia.com.co\/sitio\/metodos-de-pago-en-colombia\/","name":"METODOS DE PAGO EN COLOMBIA - Encuentra Hosting y Dominio en Colombia PBX Virtual","isPartOf":{"@id":"https:\/\/servercolombia.com.co\/sitio\/#website"},"datePublished":"2022-08-16T16:14:42+00:00","dateModified":"2024-08-28T21:12:56+00:00","breadcrumb":{"@id":"https:\/\/servercolombia.com.co\/sitio\/metodos-de-pago-en-colombia\/#breadcrumb"},"inLanguage":"es","potentialAction":[{"@type":"ReadAction","target":["https:\/\/servercolombia.com.co\/sitio\/metodos-de-pago-en-colombia\/"]}]},{"@type":"BreadcrumbList","@id":"https:\/\/servercolombia.com.co\/sitio\/metodos-de-pago-en-colombia\/#breadcrumb","itemListElement":[{"@type":"ListItem","position":1,"name":"Portada","item":"https:\/\/servercolombia.com.co\/sitio\/"},{"@type":"ListItem","position":2,"name":"METODOS DE PAGO EN COLOMBIA"}]},{"@type":"WebSite","@id":"https:\/\/servercolombia.com.co\/sitio\/#website","url":"https:\/\/servercolombia.com.co\/sitio\/","name":"Encuentra Hosting y Dominio en Colombia PBX Virtual","description":"Hosting y Dominios al mejor precio en Colombia PBX  Virtual","potentialAction":[{"@type":"SearchAction","target":{"@type":"EntryPoint","urlTemplate":"https:\/\/servercolombia.com.co\/sitio\/?s={search_term_string}"},"query-input":{"@type":"PropertyValueSpecification","valueRequired":true,"valueName":"search_term_string"}}],"inLanguage":"es"}]}},"_links":{"self":[{"href":"https:\/\/servercolombia.com.co\/sitio\/wp-json\/wp\/v2\/pages\/4207","targetHints":{"allow":["GET"]}}],"collection":[{"href":"https:\/\/servercolombia.com.co\/sitio\/wp-json\/wp\/v2\/pages"}],"about":[{"href":"https:\/\/servercolombia.com.co\/sitio\/wp-json\/wp\/v2\/types\/page"}],"author":[{"embeddable":true,"href":"https:\/\/servercolombia.com.co\/sitio\/wp-json\/wp\/v2\/users\/1"}],"replies":[{"embeddable":true,"href":"https:\/\/servercolombia.com.co\/sitio\/wp-json\/wp\/v2\/comments?post=4207"}],"version-history":[{"count":0,"href":"https:\/\/servercolombia.com.co\/sitio\/wp-json\/wp\/v2\/pages\/4207\/revisions"}],"wp:attachment":[{"href":"https:\/\/servercolombia.com.co\/sitio\/wp-json\/wp\/v2\/media?parent=4207"}],"curies":[{"name":"wp","href":"https:\/\/api.w.org\/{rel}","templated":true}]}}