{"id":4119,"date":"2022-08-10T14:16:18","date_gmt":"2022-08-10T14:16:18","guid":{"rendered":"https:\/\/servercolombia.com.co\/sitiio\/?page_id=4119"},"modified":"2022-09-16T15:45:39","modified_gmt":"2022-09-16T15:45:39","slug":"contacto-server-colombia","status":"publish","type":"page","link":"https:\/\/servercolombia.com.co\/sitio\/contacto-server-colombia\/","title":{"rendered":"CONTACTO"},"content":{"rendered":"<p><section id=\"bt_bb_section69f42ecb98013\" class=\"bt_bb_section bt_bb_color_scheme_1 bt_bb_layout_boxed_1200 bt_bb_vertical_align_top bt_bb_background_overlay_dark_gradient bt_bb_bottom_section_coverage_image bt_bb_section_with_bottom_coverage_image bt_bb_top_spacing_extra_large bt_bb_bottom_spacing_extra_large bt_bb_section_allow_content_outside\" style=\"; --section-primary-color:#ffffff; --section-secondary-color:#191919;\" data-bt-override-class=\"{&quot;bt_bb_top_spacing_&quot;:{&quot;current_class&quot;:&quot;bt_bb_top_spacing_extra_large&quot;,&quot;def&quot;:&quot;extra_large&quot;,&quot;xl&quot;:&quot;extra_large&quot;},&quot;bt_bb_bottom_spacing_&quot;:{&quot;current_class&quot;:&quot;bt_bb_bottom_spacing_extra_large&quot;,&quot;def&quot;:&quot;extra_large&quot;,&quot;xl&quot;:&quot;extra_large&quot;}}\"><div class=\"bt_bb_background_image_holder_wrapper\"><div class=\"bt_bb_background_image_holder btLazyLoadBackground bt_bb_parallax\"  data-background_image_src=\"https:\/\/servercolombia.com.co\/sitio\/wp-content\/uploads\/2022\/08\/contacto-1-scaled.jpg\" data-parallax=\"0.6\" data-parallax-offset=\"0\" data-parallax-zoom-start=\"1\" data-parallax-zoom-end=\"1\" data-parallax-blur-start=\"0\" data-parallax-blur-end=\"0\" data-parallax-opacity-start=\"1\" data-parallax-opacity-end=\"1\" style=\" background-image: url(&#039;https:\/\/servercolombia.com.co\/sitio\/wp-content\/plugins\/bold-page-builder\/img\/blank.gif&#039;);\"><\/div><\/div><div class=\"bt_bb_port\"><div class=\"bt_bb_cell\"><div class=\"bt_bb_cell_inner\"><div class=\"bt_bb_row \"  data-bt-override-class=\"{}\"><div class=\"bt_bb_row_holder\" ><div  class=\"bt_bb_column col-xxl-8 col-xl-8 bt_bb_vertical_align_top bt_bb_align_left bt_bb_padding_normal bt_bb_animation_fade_in animate\" style=\"; --column-width:8;\" data-width=\"8\" data-bt-override-class=\"{}\"><div class=\"bt_bb_column_content\"><div class=\"bt_bb_column_content_inner\"><div class=\"bt_bb_separator bt_bb_border_style_none bt_bb_border_color_none bt_bb_bottom_spacing_large\" data-bt-override-class=\"null\"><\/div><div class=\"bt_bb_separator bt_bb_border_style_none bt_bb_border_color_none bt_bb_bottom_spacing_large\" data-bt-override-class=\"null\"><\/div><div class=\"bt_bb_floating_image bt_bb_floating_image_horizontal_position_left bt_bb_floating_image_vertical_position_top bt_bb_floating_image_animation_delay_default bt_bb_floating_image_animation_duration_default bt_bb_floating_image_animation_style_ease_out bt_bb_hidden_xs bt_bb_hidden_ms bt_bb_hidden_sm\" style=\"top: -15em;\" data-speed=\"0.4\" data-direction=\"\" ><div class=\"bt_bb_floating_image_image\"><div class=\"bt_bb_image\" data-bt-override-class=\"{}\"><span><img fetchpriority=\"high\" decoding=\"async\" width=\"480\" height=\"415\" src=\"https:\/\/servercolombia.com.co\/sitio\/wp-content\/uploads\/2020\/08\/floating_image_03.png\" class=\"attachment-full size-full\" alt=\"PBX Virtual Colombia\" data-full_image_src=\"https:\/\/servercolombia.com.co\/sitio\/wp-content\/uploads\/2020\/08\/floating_image_03.png\" title=\"PBX Virtual\" loading=\"eager\" srcset=\"https:\/\/servercolombia.com.co\/sitio\/wp-content\/uploads\/2020\/08\/floating_image_03.png 480w, https:\/\/servercolombia.com.co\/sitio\/wp-content\/uploads\/2020\/08\/floating_image_03-320x277.png 320w\" sizes=\"(max-width: 480px) 100vw, 480px\" \/><\/span><\/div><\/div><\/div><div class=\"bt_bb_floating_image bt_bb_floating_image_horizontal_position_right bt_bb_floating_image_vertical_position_bottom bt_bb_floating_image_animation_delay_200 bt_bb_floating_image_animation_duration_default bt_bb_floating_image_animation_style_ease_out bt_bb_hidden_xs bt_bb_hidden_ms bt_bb_hidden_sm\" style=\"left: 31em; top: -10em; z-index: -1;\" data-speed=\"0.4\" data-direction=\"\" ><div class=\"bt_bb_floating_image_image\"><div class=\"bt_bb_image\" data-bt-override-class=\"{}\"><span><img decoding=\"async\" width=\"475\" height=\"750\" src=\"https:\/\/servercolombia.com.co\/sitio\/wp-content\/uploads\/2020\/08\/floating_image_05.png\" class=\"attachment-full size-full\" alt=\"https:\/\/servercolombia.com.co\/sitio\/wp-content\/uploads\/2020\/08\/floating_image_05.png\" data-full_image_src=\"https:\/\/servercolombia.com.co\/sitio\/wp-content\/uploads\/2020\/08\/floating_image_05.png\" title=\"floating_image_05\" loading=\"eager\" srcset=\"https:\/\/servercolombia.com.co\/sitio\/wp-content\/uploads\/2020\/08\/floating_image_05.png 475w, https:\/\/servercolombia.com.co\/sitio\/wp-content\/uploads\/2020\/08\/floating_image_05-320x505.png 320w\" sizes=\"(max-width: 475px) 100vw, 475px\" \/><\/span><\/div><\/div><\/div><div class=\"bt_bb_separator bt_bb_border_style_none bt_bb_border_color_none bt_bb_top_spacing_large bt_bb_bottom_spacing_large bt_bb_hidden_xs bt_bb_hidden_ms bt_bb_hidden_sm\" data-bt-override-class=\"null\"><\/div><header class=\"bt_bb_headline bt_bb_font_weight_medium bt_bb_dash_none bt_bb_subheadline bt_bb_size_extralarge bt_bb_align_inherit\" data-bt-override-class=\"{&quot;bt_bb_size_&quot;:{&quot;current_class&quot;:&quot;bt_bb_size_extralarge&quot;,&quot;def&quot;:&quot;extralarge&quot;,&quot;xl&quot;:&quot;extralarge&quot;},&quot;bt_bb_align_&quot;:{&quot;current_class&quot;:&quot;bt_bb_align_inherit&quot;,&quot;def&quot;:&quot;inherit&quot;,&quot;xl&quot;:&quot;inherit&quot;}}\"><h2 class=\"bt_bb_headline_tag\"><span class=\"bt_bb_headline_content\"><span>COMUNICATE CON NOSTROS<\/span><\/span><\/h2><div class=\"bt_bb_headline_subheadline\">Te ayudamos y asesoramos con el servicio que requieras.<br \/><br \/>\nNo olvides preguntar por nuestros planes.<\/div><\/header><div class=\"bt_bb_separator bt_bb_border_style_none bt_bb_border_color_none bt_bb_top_spacing_20 bt_bb_bottom_spacing_20 bt_bb_hidden_xs bt_bb_hidden_ms bt_bb_hidden_sm\" data-bt-override-class=\"{&quot;bt_bb_top_spacing_&quot;:{&quot;current_class&quot;:&quot;bt_bb_top_spacing_20&quot;,&quot;def&quot;:&quot;20&quot;,&quot;xl&quot;:&quot;20&quot;},&quot;bt_bb_bottom_spacing_&quot;:{&quot;current_class&quot;:&quot;bt_bb_bottom_spacing_20&quot;,&quot;def&quot;:&quot;20&quot;,&quot;xl&quot;:&quot;20&quot;}}\"><\/div><\/div><\/div><\/div><div  class=\"bt_bb_column col-xxl-4 col-xl-4 bt_bb_vertical_align_top bt_bb_align_center bt_bb_padding_normal\" style=\"; --column-width:4;\" data-width=\"4\" data-bt-override-class=\"{}\"><div class=\"bt_bb_column_content\"><div class=\"bt_bb_column_content_inner\"><\/div><\/div><\/div><\/div><\/div><\/div><!-- cell_inner --><\/div><!-- cell --><\/div><!-- port --><div class=\"bt_bb_section_bottom_section_coverage_image\"><img decoding=\"async\" src=\"https:\/\/servercolombia.com.co\/sitio\/wp-content\/uploads\/2020\/09\/bottom_wave_03.png\" alt=\"bt_bb_section_bottom_section_coverage_image\" \/><\/div><\/section><section id=\"bt_bb_section69f42ecb99270\" class=\"bt_bb_section bt_bb_color_scheme_11 bt_bb_layout_boxed_900 bt_bb_vertical_align_top bt_bb_bottom_section_coverage_image bt_bb_section_with_bottom_coverage_image bt_bb_top_spacing_large bt_bb_bottom_spacing_medium bt_bb_section_allow_content_outside\" style=\"; --section-primary-color:#181818; --section-secondary-color:#f7f7f5;\" data-bt-override-class=\"null\"><div class=\"bt_bb_background_image_holder_wrapper\"><div class=\"bt_bb_background_image_holder btLazyLoadBackground bt_bb_parallax\"  data-background_image_src=\"https:\/\/servercolombia.com.co\/sitio\/wp-content\/uploads\/2020\/09\/background_history.png\" data-parallax=\"0.7\" data-parallax-offset=\"0\" data-parallax-zoom-start=\"1\" data-parallax-zoom-end=\"1\" data-parallax-blur-start=\"0\" data-parallax-blur-end=\"0\" data-parallax-opacity-start=\"1\" data-parallax-opacity-end=\"1\" style=\" background-image: url(&#039;https:\/\/servercolombia.com.co\/sitio\/wp-content\/plugins\/bold-page-builder\/img\/blank.gif&#039;);\"><\/div><\/div><div class=\"bt_bb_port\"><div class=\"bt_bb_cell\"><div class=\"bt_bb_cell_inner\"><div class=\"bt_bb_row \"  data-bt-override-class=\"{}\"><div class=\"bt_bb_row_holder\" ><div  class=\"bt_bb_column col-xxl-12 col-xl-12 bt_bb_vertical_align_top bt_bb_align_center bt_bb_padding_normal bt_bb_animation_fade_in animate\" style=\"; --column-width:12;\" data-width=\"12\" data-bt-override-class=\"{}\"><div class=\"bt_bb_column_content\"><div class=\"bt_bb_column_content_inner\"><header class=\"bt_bb_headline bt_bb_dash_none bt_bb_subheadline bt_bb_size_large bt_bb_align_inherit\" data-bt-override-class=\"{}\"><h3 class=\"bt_bb_headline_tag\"><span class=\"bt_bb_headline_content\"><span>COMUNICATE YA CON NOSTROS<\/span><\/span><\/h3><div class=\"bt_bb_headline_subheadline\">No olvides preguntar por nuestros planes!!!<\/div><\/header><\/div><\/div><\/div><\/div><\/div><\/div><!-- cell_inner --><\/div><!-- cell --><\/div><!-- port --><div class=\"bt_bb_section_bottom_section_coverage_image\"><img decoding=\"async\" src=\"https:\/\/servercolombia.com.co\/sitio\/wp-content\/uploads\/2020\/08\/white_bottom_wave_01.png\" alt=\"bt_bb_section_bottom_section_coverage_image\" \/><\/div><\/section><section id=\"bt_bb_section69f42ecb994e0\" class=\"bt_bb_section bt_bb_layout_boxed_1200\"  data-bt-override-class=\"null\"><div class=\"bt_bb_port\"><div class=\"bt_bb_cell\"><div class=\"bt_bb_cell_inner\"><div class=\"bt_bb_row \"  data-bt-override-class=\"{}\"><div class=\"bt_bb_row_holder\" ><div  class=\"bt_bb_column col-xxl-3 col-xl-3 col-xs-12 col-sm-12 col-md-12 col-lg-3 bt_bb_vertical_align_top bt_bb_align_left bt_bb_padding_normal\" style=\"; --column-width:3;\" data-width=\"3\" data-bt-override-class=\"{}\"><div class=\"bt_bb_column_content\"><div class=\"bt_bb_column_content_inner\"><\/div><\/div><\/div><div  class=\"bt_bb_column col-xxl-6 col-xl-6 col-xs-12 col-sm-12 col-md-12 col-lg-6 bt_bb_vertical_align_top bt_bb_align_left bt_bb_padding_normal\" style=\"; --column-width:6;\" data-width=\"6\" data-bt-override-class=\"{}\"><div class=\"bt_bb_column_content\"><div class=\"bt_bb_column_content_inner\"><div class=\"bt_bb_contact_form_7\">\n<div class=\"wpcf7 no-js\" id=\"wpcf7-f5-o1\" lang=\"es-ES\" dir=\"ltr\">\n<div class=\"screen-reader-response\"><p role=\"status\" aria-live=\"polite\" aria-atomic=\"true\"><\/p> <ul><\/ul><\/div>\n<form action=\"\/sitio\/wp-json\/wp\/v2\/pages\/4119#wpcf7-f5-o1\" method=\"post\" class=\"wpcf7-form init\" aria-label=\"Formulario de contacto\" novalidate=\"novalidate\" data-status=\"init\">\n<div style=\"display: none;\">\n<input type=\"hidden\" name=\"_wpcf7\" value=\"5\" \/>\n<input type=\"hidden\" name=\"_wpcf7_version\" value=\"5.9.8\" \/>\n<input type=\"hidden\" name=\"_wpcf7_locale\" value=\"es_ES\" \/>\n<input type=\"hidden\" name=\"_wpcf7_unit_tag\" value=\"wpcf7-f5-o1\" \/>\n<input type=\"hidden\" name=\"_wpcf7_container_post\" value=\"0\" \/>\n<input type=\"hidden\" name=\"_wpcf7_posted_data_hash\" value=\"\" \/>\n<\/div>\n<p><label> Nombre<br \/>\n<span class=\"wpcf7-form-control-wrap\" data-name=\"your-name\"><input size=\"40\" maxlength=\"400\" class=\"wpcf7-form-control wpcf7-text wpcf7-validates-as-required\" aria-required=\"true\" aria-invalid=\"false\" value=\"\" type=\"text\" name=\"your-name\" \/><\/span> <\/label>\n<\/p>\n<p><label> Correo<br \/>\n<span class=\"wpcf7-form-control-wrap\" data-name=\"your-email\"><input size=\"40\" maxlength=\"400\" class=\"wpcf7-form-control wpcf7-email wpcf7-validates-as-required wpcf7-text wpcf7-validates-as-email\" aria-required=\"true\" aria-invalid=\"false\" value=\"\" type=\"email\" name=\"your-email\" \/><\/span> <\/label>\n<\/p>\n<p><label> Tel\u00e9fono<br \/>\n<span class=\"wpcf7-form-control-wrap\" data-name=\"your-subject\"><input size=\"40\" maxlength=\"400\" class=\"wpcf7-form-control wpcf7-text wpcf7-validates-as-required\" aria-required=\"true\" aria-invalid=\"false\" value=\"\" type=\"text\" name=\"your-subject\" \/><\/span> <\/label>\n<\/p>\n<p><label> Mensaje (optional)<br \/>\n<span class=\"wpcf7-form-control-wrap\" data-name=\"your-message\"><textarea cols=\"40\" rows=\"10\" maxlength=\"2000\" class=\"wpcf7-form-control wpcf7-textarea\" aria-invalid=\"false\" name=\"your-message\"><\/textarea><\/span> <\/label>\n<\/p>\n<p><input class=\"wpcf7-form-control wpcf7-submit has-spinner\" type=\"submit\" value=\"Enviar\" \/>\n<\/p><p style=\"display: none !important;\" class=\"akismet-fields-container\" data-prefix=\"_wpcf7_ak_\"><label>&#916;<textarea name=\"_wpcf7_ak_hp_textarea\" cols=\"45\" rows=\"8\" maxlength=\"100\"><\/textarea><\/label><input type=\"hidden\" id=\"ak_js_1\" name=\"_wpcf7_ak_js\" value=\"245\"\/><script>document.getElementById( \"ak_js_1\" ).setAttribute( \"value\", ( new Date() ).getTime() );<\/script><\/p><div class=\"wpcf7-response-output\" aria-hidden=\"true\"><\/div>\n<\/form>\n<\/div>\n<\/div><\/div><\/div><\/div><div  class=\"bt_bb_column col-xxl-3 col-xl-3 col-xs-12 col-sm-12 col-md-12 col-lg-3 bt_bb_vertical_align_top bt_bb_align_left bt_bb_padding_normal\" style=\"; --column-width:3;\" data-width=\"3\" data-bt-override-class=\"{}\"><div class=\"bt_bb_column_content\"><div class=\"bt_bb_column_content_inner\"><div class=\"bt_bb_floating_image bt_bb_floating_image_horizontal_position_left bt_bb_floating_image_vertical_position_top bt_bb_floating_image_animation_delay_default bt_bb_floating_image_animation_duration_default bt_bb_floating_image_animation_style_ease_out bt_bb_hidden_xs bt_bb_hidden_ms bt_bb_hidden_sm\" style=\"top: -15em;\" data-speed=\"0.4\" data-direction=\"\" ><div class=\"bt_bb_floating_image_image\"><div class=\"bt_bb_image\" data-bt-override-class=\"{}\"><span><img fetchpriority=\"high\" decoding=\"async\" width=\"480\" height=\"415\" src=\"https:\/\/servercolombia.com.co\/sitio\/wp-content\/uploads\/2020\/08\/floating_image_03.png\" class=\"attachment-full size-full\" alt=\"PBX Virtual Colombia\" data-full_image_src=\"https:\/\/servercolombia.com.co\/sitio\/wp-content\/uploads\/2020\/08\/floating_image_03.png\" title=\"PBX Virtual\" loading=\"eager\" srcset=\"https:\/\/servercolombia.com.co\/sitio\/wp-content\/uploads\/2020\/08\/floating_image_03.png 480w, https:\/\/servercolombia.com.co\/sitio\/wp-content\/uploads\/2020\/08\/floating_image_03-320x277.png 320w\" sizes=\"(max-width: 480px) 100vw, 480px\" \/><\/span><\/div><\/div><\/div><\/div><\/div><\/div><\/div><\/div><\/div><!-- cell_inner --><\/div><!-- cell --><\/div><!-- port --><\/section><\/p>\n","protected":false},"excerpt":{"rendered":"","protected":false},"author":1,"featured_media":0,"parent":0,"menu_order":0,"comment_status":"closed","ping_status":"closed","template":"","meta":{"footnotes":""},"class_list":["post-4119","page","type-page","status-publish","hentry"],"yoast_head":"<!-- This site is optimized with the Yoast SEO plugin v23.6 - https:\/\/yoast.com\/wordpress\/plugins\/seo\/ -->\n<title>CONTACTO - Cont\u00e1ctate con Server Colombia<\/title>\n<meta name=\"description\" content=\"Cont\u00e1ctate con Server Colombia y opten espectaculares servicios, contamos con expertos en nuestras areas de servicios \u00edntegros y esenciales\" \/>\n<meta name=\"robots\" content=\"index, follow, max-snippet:-1, max-image-preview:large, max-video-preview:-1\" \/>\n<link rel=\"canonical\" href=\"https:\/\/servercolombia.com.co\/sitio\/contacto-server-colombia\/\" \/>\n<meta property=\"og:locale\" content=\"es_ES\" \/>\n<meta property=\"og:type\" content=\"article\" \/>\n<meta property=\"og:title\" content=\"CONTACTO - Cont\u00e1ctate con Server Colombia\" \/>\n<meta property=\"og:description\" content=\"Cont\u00e1ctate con Server Colombia y opten espectaculares servicios, contamos con expertos en nuestras areas de servicios \u00edntegros y esenciales\" \/>\n<meta property=\"og:url\" content=\"https:\/\/servercolombia.com.co\/sitio\/contacto-server-colombia\/\" \/>\n<meta property=\"og:site_name\" content=\"Encuentra Hosting y Dominio en Colombia PBX Virtual\" \/>\n<meta property=\"article:modified_time\" content=\"2022-09-16T15:45:39+00:00\" \/>\n<meta name=\"twitter:card\" content=\"summary_large_image\" \/>\n<meta name=\"twitter:label1\" content=\"Tiempo de lectura\" \/>\n\t<meta name=\"twitter:data1\" content=\"2 minutos\" \/>\n<script type=\"application\/ld+json\" class=\"yoast-schema-graph\">{\"@context\":\"https:\/\/schema.org\",\"@graph\":[{\"@type\":\"WebPage\",\"@id\":\"https:\/\/servercolombia.com.co\/sitio\/contacto-server-colombia\/\",\"url\":\"https:\/\/servercolombia.com.co\/sitio\/contacto-server-colombia\/\",\"name\":\"CONTACTO - Cont\u00e1ctate con Server Colombia\",\"isPartOf\":{\"@id\":\"https:\/\/servercolombia.com.co\/sitio\/#website\"},\"datePublished\":\"2022-08-10T14:16:18+00:00\",\"dateModified\":\"2022-09-16T15:45:39+00:00\",\"description\":\"Cont\u00e1ctate con Server Colombia y opten espectaculares servicios, contamos con expertos en nuestras areas de servicios \u00edntegros y esenciales\",\"breadcrumb\":{\"@id\":\"https:\/\/servercolombia.com.co\/sitio\/contacto-server-colombia\/#breadcrumb\"},\"inLanguage\":\"es\",\"potentialAction\":[{\"@type\":\"ReadAction\",\"target\":[\"https:\/\/servercolombia.com.co\/sitio\/contacto-server-colombia\/\"]}]},{\"@type\":\"BreadcrumbList\",\"@id\":\"https:\/\/servercolombia.com.co\/sitio\/contacto-server-colombia\/#breadcrumb\",\"itemListElement\":[{\"@type\":\"ListItem\",\"position\":1,\"name\":\"Portada\",\"item\":\"https:\/\/servercolombia.com.co\/sitio\/\"},{\"@type\":\"ListItem\",\"position\":2,\"name\":\"CONTACTO\"}]},{\"@type\":\"WebSite\",\"@id\":\"https:\/\/servercolombia.com.co\/sitio\/#website\",\"url\":\"https:\/\/servercolombia.com.co\/sitio\/\",\"name\":\"Encuentra Hosting y Dominio en Colombia PBX Virtual\",\"description\":\"Hosting y Dominios al mejor precio en Colombia PBX  Virtual\",\"potentialAction\":[{\"@type\":\"SearchAction\",\"target\":{\"@type\":\"EntryPoint\",\"urlTemplate\":\"https:\/\/servercolombia.com.co\/sitio\/?s={search_term_string}\"},\"query-input\":{\"@type\":\"PropertyValueSpecification\",\"valueRequired\":true,\"valueName\":\"search_term_string\"}}],\"inLanguage\":\"es\"}]}<\/script>\n<!-- \/ Yoast SEO plugin. -->","yoast_head_json":{"title":"CONTACTO - Cont\u00e1ctate con Server Colombia","description":"Cont\u00e1ctate con Server Colombia y opten espectaculares servicios, contamos con expertos en nuestras areas de servicios \u00edntegros y esenciales","robots":{"index":"index","follow":"follow","max-snippet":"max-snippet:-1","max-image-preview":"max-image-preview:large","max-video-preview":"max-video-preview:-1"},"canonical":"https:\/\/servercolombia.com.co\/sitio\/contacto-server-colombia\/","og_locale":"es_ES","og_type":"article","og_title":"CONTACTO - Cont\u00e1ctate con Server Colombia","og_description":"Cont\u00e1ctate con Server Colombia y opten espectaculares servicios, contamos con expertos en nuestras areas de servicios \u00edntegros y esenciales","og_url":"https:\/\/servercolombia.com.co\/sitio\/contacto-server-colombia\/","og_site_name":"Encuentra Hosting y Dominio en Colombia PBX Virtual","article_modified_time":"2022-09-16T15:45:39+00:00","twitter_card":"summary_large_image","twitter_misc":{"Tiempo de lectura":"2 minutos"},"schema":{"@context":"https:\/\/schema.org","@graph":[{"@type":"WebPage","@id":"https:\/\/servercolombia.com.co\/sitio\/contacto-server-colombia\/","url":"https:\/\/servercolombia.com.co\/sitio\/contacto-server-colombia\/","name":"CONTACTO - Cont\u00e1ctate con Server Colombia","isPartOf":{"@id":"https:\/\/servercolombia.com.co\/sitio\/#website"},"datePublished":"2022-08-10T14:16:18+00:00","dateModified":"2022-09-16T15:45:39+00:00","description":"Cont\u00e1ctate con Server Colombia y opten espectaculares servicios, contamos con expertos en nuestras areas de servicios \u00edntegros y esenciales","breadcrumb":{"@id":"https:\/\/servercolombia.com.co\/sitio\/contacto-server-colombia\/#breadcrumb"},"inLanguage":"es","potentialAction":[{"@type":"ReadAction","target":["https:\/\/servercolombia.com.co\/sitio\/contacto-server-colombia\/"]}]},{"@type":"BreadcrumbList","@id":"https:\/\/servercolombia.com.co\/sitio\/contacto-server-colombia\/#breadcrumb","itemListElement":[{"@type":"ListItem","position":1,"name":"Portada","item":"https:\/\/servercolombia.com.co\/sitio\/"},{"@type":"ListItem","position":2,"name":"CONTACTO"}]},{"@type":"WebSite","@id":"https:\/\/servercolombia.com.co\/sitio\/#website","url":"https:\/\/servercolombia.com.co\/sitio\/","name":"Encuentra Hosting y Dominio en Colombia PBX Virtual","description":"Hosting y Dominios al mejor precio en Colombia PBX  Virtual","potentialAction":[{"@type":"SearchAction","target":{"@type":"EntryPoint","urlTemplate":"https:\/\/servercolombia.com.co\/sitio\/?s={search_term_string}"},"query-input":{"@type":"PropertyValueSpecification","valueRequired":true,"valueName":"search_term_string"}}],"inLanguage":"es"}]}},"_links":{"self":[{"href":"https:\/\/servercolombia.com.co\/sitio\/wp-json\/wp\/v2\/pages\/4119","targetHints":{"allow":["GET"]}}],"collection":[{"href":"https:\/\/servercolombia.com.co\/sitio\/wp-json\/wp\/v2\/pages"}],"about":[{"href":"https:\/\/servercolombia.com.co\/sitio\/wp-json\/wp\/v2\/types\/page"}],"author":[{"embeddable":true,"href":"https:\/\/servercolombia.com.co\/sitio\/wp-json\/wp\/v2\/users\/1"}],"replies":[{"embeddable":true,"href":"https:\/\/servercolombia.com.co\/sitio\/wp-json\/wp\/v2\/comments?post=4119"}],"version-history":[{"count":0,"href":"https:\/\/servercolombia.com.co\/sitio\/wp-json\/wp\/v2\/pages\/4119\/revisions"}],"wp:attachment":[{"href":"https:\/\/servercolombia.com.co\/sitio\/wp-json\/wp\/v2\/media?parent=4119"}],"curies":[{"name":"wp","href":"https:\/\/api.w.org\/{rel}","templated":true}]}}