{"id":1598,"date":"2020-08-11T09:37:22","date_gmt":"2020-08-11T09:37:22","guid":{"rendered":"http:\/\/nifty.bold-themes.com\/main-demo\/?page_id=1598"},"modified":"2025-10-05T20:36:40","modified_gmt":"2025-10-05T20:36:40","slug":"terminos-y-condiciones","status":"publish","type":"page","link":"https:\/\/servercolombia.com.co\/sitio\/about\/terminos-y-condiciones\/","title":{"rendered":"T\u00c9RMINOS Y CONDICIONES"},"content":{"rendered":"<p><section id=\"bt_bb_section69f5fab89b1ed\" class=\"bt_bb_section bt_bb_color_scheme_1 bt_bb_layout_boxed_1200 bt_bb_vertical_align_top bt_bb_background_overlay_top_dark_gradient bt_bb_bottom_section_coverage_image bt_bb_section_with_bottom_coverage_image bt_bb_top_spacing_large bt_bb_bottom_spacing_large\" style=\"; --section-primary-color:#ffffff; --section-secondary-color:#191919;\" data-bt-override-class=\"null\"><div class=\"bt_bb_background_image_holder_wrapper\"><div class=\"bt_bb_background_image_holder btLazyLoadBackground bt_bb_parallax\"  data-background_image_src=\"https:\/\/servercolombia.com.co\/sitio\/wp-content\/uploads\/2022\/08\/fondo-paginas-.jpg\" data-parallax=\"0.7\" data-parallax-offset=\"0\" data-parallax-zoom-start=\"1\" data-parallax-zoom-end=\"1\" data-parallax-blur-start=\"0\" data-parallax-blur-end=\"0\" data-parallax-opacity-start=\"1\" data-parallax-opacity-end=\"1\" style=\" background-image: url(&#039;https:\/\/servercolombia.com.co\/sitio\/wp-content\/plugins\/bold-page-builder\/img\/blank.gif&#039;);\"><\/div><\/div><div class=\"bt_bb_port\"><div class=\"bt_bb_cell\"><div class=\"bt_bb_cell_inner\"><div class=\"bt_bb_row  bt_bb_column_gap_0\" style=\"; --column-gap:0px;\" data-bt-override-class=\"{}\"><div class=\"bt_bb_row_holder\" ><div  class=\"bt_bb_column col-xxl-6 col-xl-6 bt_bb_vertical_align_top bt_bb_align_left bt_bb_padding_normal bt_bb_animation_fade_in animate\" style=\"; --column-width:6;\" data-width=\"6\" data-bt-override-class=\"{}\"><div class=\"bt_bb_column_content\"><div class=\"bt_bb_column_content_inner\"><div class=\"bt_bb_separator bt_bb_border_style_none bt_bb_border_color_none bt_bb_bottom_spacing_large bt_bb_hidden_xs bt_bb_hidden_ms\" data-bt-override-class=\"null\"><\/div><header class=\"bt_bb_headline bt_bb_dash_none btNoHeadline bt_bb_size_extralarge bt_bb_align_inherit\" data-bt-override-class=\"{&quot;bt_bb_size_&quot;:{&quot;current_class&quot;:&quot;bt_bb_size_extralarge&quot;,&quot;def&quot;:&quot;extralarge&quot;,&quot;xl&quot;:&quot;extralarge&quot;}}\"><\/header><div class=\"bt_bb_separator bt_bb_border_style_none bt_bb_border_color_none bt_bb_top_spacing_extra_small bt_bb_bottom_spacing_extra_large bt_bb_hidden_xs bt_bb_hidden_ms\" data-bt-override-class=\"{&quot;bt_bb_top_spacing_&quot;:{&quot;current_class&quot;:&quot;bt_bb_top_spacing_extra_small&quot;,&quot;def&quot;:&quot;extra_small&quot;,&quot;xl&quot;:&quot;extra_small&quot;},&quot;bt_bb_bottom_spacing_&quot;:{&quot;current_class&quot;:&quot;bt_bb_bottom_spacing_extra_large&quot;,&quot;def&quot;:&quot;extra_large&quot;,&quot;xl&quot;:&quot;extra_large&quot;}}\"><\/div><\/div><\/div><\/div><div  class=\"bt_bb_column col-xxl-6 col-xl-6 bt_bb_vertical_align_top bt_bb_align_left bt_bb_padding_normal\" style=\"; --column-width:6;\" data-width=\"6\" data-bt-override-class=\"{}\"><div class=\"bt_bb_column_content\"><div class=\"bt_bb_column_content_inner\"><\/div><\/div><\/div><\/div><\/div><\/div><!-- cell_inner --><\/div><!-- cell --><\/div><!-- port --><div class=\"bt_bb_section_bottom_section_coverage_image\"><img decoding=\"async\" src=\"https:\/\/servercolombia.com.co\/sitio\/wp-content\/uploads\/2020\/08\/Wave_White_bottom_right_shape_03.png\" alt=\"bt_bb_section_bottom_section_coverage_image\" \/><\/div><\/section><section id=\"bt_bb_section69f5fab89b648\" class=\"bt_bb_section bt_bb_layout_boxed_1200 bt_bb_vertical_align_top bt_bb_top_spacing_large bt_bb_bottom_spacing_medium\"  data-bt-override-class=\"null\"><div class=\"bt_bb_port\"><div class=\"bt_bb_cell\"><div class=\"bt_bb_cell_inner\"><div class=\"bt_bb_row \"  data-bt-override-class=\"{}\"><div class=\"bt_bb_row_holder\" ><div  class=\"bt_bb_column col-xxl-5 col-xl-5 bt_bb_vertical_align_top bt_bb_align_left bt_bb_padding_normal bt_bb_animation_fade_in animate\" style=\"; --column-width:5;\" data-width=\"5\" data-bt-override-class=\"{}\"><div class=\"bt_bb_column_content\"><div class=\"bt_bb_column_content_inner\"><header class=\"bt_bb_headline bt_bb_dash_none bt_bb_subheadline bt_bb_size_large bt_bb_align_inherit\" data-bt-override-class=\"{}\"><h2 class=\"bt_bb_headline_tag\"><span class=\"bt_bb_headline_content\"><span>T\u00c9RMINOS Y CONDICIONES<\/span><\/span><\/h2><div class=\"bt_bb_headline_subheadline\">Servercolombia<\/div><\/header><div class=\"bt_bb_separator bt_bb_border_style_none bt_bb_border_color_none bt_bb_bottom_spacing_normal\" data-bt-override-class=\"null\"><\/div><div  class=\"bt_bb_text\" ><\/p>\n<p>Estas son las reglas de uso aplicables a nuestro servicio y a nuestros Abonados, conformes con las Pol\u00edticas de Uso del servidor de ServerColombia. En adelante se har\u00e1 referencia a la persona que contrata cualquiera de los servicios de ServerColombia como \u00abEl Abonado\u00bb. El uso de los servicios contratados presupone la aceptaci\u00f3n de las siguientes condiciones: Los servicios contratados con ServerColombia deben ser utilizados exclusivamente con fines l\u00edcitos. Queda estrictamente prohibido el uso de cualquiera de los servicios contratados con ServerColombia que violen cualquier Ley local, nacional o internacional.<\/p>\n<p>\n<\/div><div class=\"bt_bb_separator bt_bb_border_style_none bt_bb_border_color_none bt_bb_bottom_spacing_normal\" data-bt-override-class=\"null\"><\/div><div  class=\"bt_bb_text\" ><\/p>\n<ul>\n<li><strong>Contenidos<\/strong>\u00a0Los servicios contratados con ServerColombia deben ser utilizados exclusivamente con fines l\u00edcitos. Queda estrictamente prohibido el uso de cualquiera de los servicios contratados con ServerColombia que violen cualquier Ley local, nacional o internacional. Mientras utilice los servicios contratados con ServerColombia, el abonado no podr\u00e1: Divulgar o transmitir informaci\u00f3n ilegal, abusiva, difamatoria, racista, ofensiva, o cualquier otro tipo de informaci\u00f3n susceptible de objeci\u00f3n, ya sea mediante fotograf\u00edas, textos, banners publicitarios o enlaces a p\u00e1ginas externas, as\u00ed como publicar, transmitir, reproducir, distribuir o explotar cualquier informaci\u00f3n o software que contenga virus o cualquier otro componente da\u00f1ino, software u otro material que no sea original (pirateado), infringir derechos de propiedad intelectual, publicar o facilitar material o recursos sobre hacking, cracking, o cualquier otra informaci\u00f3n que ServerColombia considere inapropiada. Cualquier uso del sistema para fines il\u00edcitos autorizar\u00e1 a ServerColombia a suspender los servicios contratados sin previo aviso<\/li>\n<\/ul>\n<ul>\n<li><strong>Denegaci\u00f3n o baja del servicio<\/strong>\u00a0ServerColombia se reserva el derecho a denegar o cancelar los servicios contratados por el abonado con o sin notificaci\u00f3n previa si el abonado incurre en cualquier conducta o actividad que ServerColombia considere abuso o violaci\u00f3n de alguno de los t\u00e9rminos, normas y condiciones aqu\u00ed expuestas, con o sin previo aviso y no responsabiliz\u00e1ndose de las consecuencias que pudieran resultar por este motivo.<\/li>\n<\/ul>\n<ul>\n<li><strong>Programas y scripts<\/strong>\u00a0Para el caso de las cuentas de hosting que dispongan de permisos de ejecuci\u00f3n, el abonado puede instalar y ejecutar los scripts que considere oportunos. No obstante, ServerColombia se reserva el derecho de desactivar cualquier script o software instalado por el abonado que afecte al normal funcionamiento de los servidores y perjudique a otros clientes que hospedan sitios en los mismos.<\/li>\n<\/ul>\n<ul>\n<li><strong>Distribuci\u00f3n de archivos<\/strong>\u00a0Los Sitios Web cuyo prop\u00f3sito es la distribuci\u00f3n de archivos (ej. galer\u00edas de fotos, MP3, librer\u00edas de programas para bajar, etc.) ser\u00e1n considerados caso por caso. Un sitio se podr\u00e1 considerar as\u00ed, cuando m\u00e1s del 20% de su contenido, est\u00e9 dedicado a archivos para distribuci\u00f3n.<\/li>\n<\/ul>\n<ul>\n<li><strong>Tr\u00e1fico consumido (ancho de Banda)<\/strong>\u00a0Todos los planes de hosting incluyen una cantidad determinada de tr\u00e1fico mensual. Si usted supera el l\u00edmite de transferencia se le avisar\u00e1 en su web site. No se suspender\u00e1 el acceso FTP y POP Mail. La restricci\u00f3n no puede ser removida, si su sitio se excede de forma frecuente usted puede solicitar se amplie su plan para obtener una tasa de transferencia mas elevada y evitar posible bloqueos del servicio web.<\/li>\n<\/ul>\n<p>\n<\/div><div class=\"bt_bb_separator bt_bb_border_style_none bt_bb_border_color_none bt_bb_bottom_spacing_normal\" data-bt-override-class=\"null\"><\/div><\/div><\/div><\/div><div  class=\"bt_bb_column col-xxl-1 col-xl-1 bt_bb_vertical_align_top bt_bb_align_left bt_bb_padding_normal\" style=\"; --column-width:1;\" data-width=\"1\" data-bt-override-class=\"{}\"><div class=\"bt_bb_column_content\"><div class=\"bt_bb_column_content_inner\"><\/div><\/div><\/div><div  class=\"bt_bb_column col-xxl-6 col-xl-6 bt_bb_vertical_align_top bt_bb_align_left bt_bb_padding_normal bt_bb_animation_fade_in animate\" style=\"; --column-width:6;\" data-width=\"6\" data-bt-override-class=\"{}\"><div class=\"bt_bb_column_content\"><div class=\"bt_bb_column_content_inner\"><div  class=\"bt_bb_text\" ><\/p>\n<p><strong>Correo no deseado (Spam)<\/strong>\u00a0ServerColombia, no autoriza, no avala y repudia todo tipo envios masivos de e-mails no solicitados. Cualquier usuario que incurriera en actos de este tipo, sera inmediatamente suspendido. La aceptaci\u00f3n de estos t\u00e9rminos y condiciones, compromete al usuario al cumplimiento de de la presente norma. En caso del no cumplimiento de la misma, hace responsable al usuario, de los da\u00f1os y perjuicios ocasionados.<\/p>\n<p>\n<\/div><div class=\"bt_bb_separator bt_bb_border_style_none bt_bb_border_color_none bt_bb_bottom_spacing_normal\" data-bt-override-class=\"null\"><\/div><div  class=\"bt_bb_text\" ><\/p>\n<ul>\n<li>\n<p data-start=\"599\" data-end=\"646\">Pol\u00edtica de Pagos y Suspensi\u00f3n de Servicios<\/p>\n<ol data-start=\"648\" data-end=\"1831\">\n<li data-start=\"648\" data-end=\"983\">\n<p data-start=\"651\" data-end=\"983\"><strong data-start=\"651\" data-end=\"719\">Pago Anticipado Obligatorio para Servicios de Dise\u00f1o y Marketing<\/strong><br data-start=\"719\" data-end=\"722\" \/>Todos los servicios de dise\u00f1o gr\u00e1fico, marketing digital, creaci\u00f3n de contenido, piezas publicitarias, brochures, im\u00e1genes u otros entregables digitales, deben ser <strong data-start=\"889\" data-end=\"946\">cancelados en su totalidad (100%) de forma anticipada<\/strong>, antes de iniciar cualquier trabajo.<\/p>\n<\/li>\n<li data-start=\"985\" data-end=\"1554\">\n<p data-start=\"988\" data-end=\"1554\"><strong data-start=\"988\" data-end=\"1046\">Excepciones y Consecuencias por Incumplimiento de Pago<\/strong><br data-start=\"1046\" data-end=\"1049\" \/>En caso de que, de forma excepcional, ServerColombia preste alguno de los servicios mencionados sin haberse realizado el pago anticipado correspondiente, y el cliente incurra en <strong data-start=\"1228\" data-end=\"1254\">incumplimiento de pago<\/strong>, <strong data-start=\"1256\" data-end=\"1377\">ServerColombia se reserva el derecho de suspender total o parcialmente cualquier otro servicio activo del mismo cliente<\/strong>, incluyendo pero no limitado a: hosting, dominios, correos corporativos, mantenimiento web, licencias u otros servicios contratados, hasta que se regularice la deuda pendiente.<\/p>\n<\/li>\n<li data-start=\"1556\" data-end=\"1831\">\n<p data-start=\"1559\" data-end=\"1831\"><strong data-start=\"1559\" data-end=\"1588\">Reactivaci\u00f3n de Servicios<\/strong><br data-start=\"1588\" data-end=\"1591\" \/>Los servicios suspendidos por motivo de deuda ser\u00e1n reactivados \u00fanicamente una vez se haya efectuado el pago completo del saldo pendiente. ServColombia se reserva el derecho de aplicar cargos adicionales por reactivaci\u00f3n, si corresponde.<\/p>\n<\/li>\n<\/ol>\n<\/li>\n<li><strong>Contrato del Hosting<\/strong>\u00a0No existe contrato de ninguna naturaleza entre ServerColombia y el abonado, una vez solicitado el plan y enviado el mail de alta dispondr\u00e1 de 7 d\u00edas. para realizar el dep\u00f3sito correspondiente al mismo. Ud. podr\u00e1 dejar el servicio en cualquier momento del plan sin previo aviso a ServerColombia.<\/li>\n<li><strong>Confidencialidad<\/strong>\u00a0ServerColombia mantendr\u00e1 la confidencialidad y la seguridad de la informaci\u00f3n facilitada por el abonado para el cobro del servicio, tal como se describe en la Ley de Protecci\u00f3n de Datos. ServerColombia se compromete a no enviar publicidad salvo aceptaci\u00f3n expresa por parte del Abonado. Se excluye la notificaci\u00f3n de cambio de precios o caracter\u00edsticas de los servicios ofertados o las notificaciones internas entre el abonado y ServerColombia.<\/li>\n<li><strong>P\u00e9rdida de datos<\/strong>\u00a0ServerColombia no se hace responsable por la p\u00e9rdida de datos en el servidor causada por usuarios, fallos en nuestro sistema o actualizaciones en nuestros servidores. Es responsabilidad del usuario el mantener una copia de seguridad (backup) del sitio. As\u00ed tambi\u00e9n es responsabilidad del usuario mantener bajo resguardo los mails del sistema webmail.<\/li>\n<\/ul>\n<ul>\n<li><strong>Demoras en la transferencia de dominios.<\/strong>\u00a0ServerColombia no se hace responsable por demoras en registros de dominios y transferencias de DNS causadas por terceros o por el usuario que adquiere nuestros servicios.<\/li>\n<\/ul>\n<ul>\n<li><strong>Pagos y Vencimientos.<\/strong>\u00a0Usted dispondr\u00e1 de 7 d\u00edas para realizar el pago luego de la fecha de renovaci\u00f3n de su plan o planes, ante el incumplimiento de pago a los 7 d\u00edas de la renovaci\u00f3n, se suspender\u00e1 su sitio temporalmente, si pasado 30 dias del vencimiento de la factura no se reporta el pago ServerColombia eliminara la informaci\u00f3n del producto. En el plazo de los 30 dias el propietario puede solicitar ingreso temporal\u00a0 para descargar su contenido y Servercolombia brindara soporte y acompa\u00f1amiento en el proceso.<strong>\u00a0<\/strong><\/li>\n<\/ul>\n<ul>\n<li><strong>Modificaciones<\/strong>\u00a0ServerColombia se reserva el derecho a introducir modificaciones en las caracter\u00edsticas y precios de los planes y\/o servicios ofertados. Toda notificaci\u00f3n que afecte a las caracter\u00edsticas t\u00e9cnicas de los servicios ofertados tendr\u00e1 lugar directamente a trav\u00e9s de nuestras p\u00e1ginas web en Internet. Las condiciones y normas aqu\u00ed enunciadas podr\u00e1n ser modificadas por parte de ServerColombia, notific\u00e1ndolo por los medios que considere necesarios, incluido Internet.<\/li>\n<li><strong>PBX Virtuales<\/strong>. ServerColombia se reserva el derecho a suspender el servicio de PBX virtual y eliminar el numero Virtual si es utilizado en fines il\u00edcitos<\/li>\n<li><strong>Eliminaci\u00f3n Numero Virtual.<\/strong> ServerColombia Eliminara los n\u00fameros virtuales y podr\u00e1 asignarlos a otro usuario si el abonado no cancela su factura en los 15 d\u00edas despu\u00e9s de emitida la factura.<\/li>\n<li><strong>Demoras en la Activaci\u00f3n de N\u00fameros Virtuales y PBX<\/strong>. El tiempo promedio de activaci\u00f3n del servicio de PBX Virtuales y N\u00fameros Virtuales es de 2 Horas despu\u00e9s de verificado el pago, ServerColombia no se hace responsable por demoras en la activaci\u00f3n de numeros virtuales causado por terceros y por disponibilidad en el momento de adquirir el servicio.<\/li>\n<li>Las instalaciones se realizan de lunes a viernes\u00a0 de 8 am a 6 pm hora de Colombia\u00a0 y depende de disponibilidad servicio tecnico.<\/li>\n<li>El servicio de soporte se debe realizar por medio de <a id=\"fprsl\" class=\"gL9Hy\" href=\"https:\/\/www.google.com\/search?rlz=1C1CHZN_esCO1001CO1001&amp;sxsrf=AB5stBiIfs-XeIYPguzt-6CuMa6VgD76ZQ:1689596401365&amp;q=tickets&amp;spell=1&amp;sa=X&amp;ved=2ahUKEwiqtsSK3ZWAAxXRPEQIHc8kCmIQkeECKAB6BAgIEAE\"><b><i>tickets<\/i><\/b><\/a> el tiempo promedio de respuesta es de 2 a 4 horas,<\/li>\n<li>Servicio de soporte 24 horas debe ser contratado como prodcuto adicional.<\/li>\n<li><strong>Aumento en el valor de minutos y valor mensualidad.\u00a0<\/strong>Server Colombia se reserva el derecho de aumentar\u00a0 el valor de los minutos y el valor del PBX Virtual, ya que el valor del servicio de minutos\u00a0 puede ser afectado por diversos factores ajenos a la compa\u00f1\u00eda.<\/li>\n<li>El valor del minuto de las llamadas salientes es de $120 pesos colombianos el cual puede ser modificado informando previamente al cliente.<\/li>\n<\/ul>\n<p>\n<\/div><div class=\"bt_bb_separator bt_bb_border_style_solid bt_bb_border_color_gray bt_bb_top_spacing_medium bt_bb_bottom_spacing_medium\" data-bt-override-class=\"null\"><\/div><\/div><\/div><\/div><\/div><\/div><\/div><!-- cell_inner --><\/div><!-- cell --><\/div><!-- port --><\/section><\/p>\n","protected":false},"excerpt":{"rendered":"","protected":false},"author":1,"featured_media":0,"parent":11,"menu_order":0,"comment_status":"closed","ping_status":"closed","template":"","meta":{"footnotes":""},"class_list":["post-1598","page","type-page","status-publish","hentry"],"yoast_head":"<!-- This site is optimized with the Yoast SEO plugin v23.6 - https:\/\/yoast.com\/wordpress\/plugins\/seo\/ -->\n<title>T\u00c9RMINOS Y CONDICIONES - Encuentra Hosting y Dominio en Colombia PBX Virtual<\/title>\n<meta name=\"robots\" content=\"index, follow, max-snippet:-1, max-image-preview:large, max-video-preview:-1\" \/>\n<link rel=\"canonical\" href=\"https:\/\/servercolombia.com.co\/sitio\/about\/terminos-y-condiciones\/\" \/>\n<meta property=\"og:locale\" content=\"es_ES\" \/>\n<meta property=\"og:type\" content=\"article\" \/>\n<meta property=\"og:title\" content=\"T\u00c9RMINOS Y CONDICIONES - Encuentra Hosting y Dominio en Colombia PBX Virtual\" \/>\n<meta property=\"og:url\" content=\"https:\/\/servercolombia.com.co\/sitio\/about\/terminos-y-condiciones\/\" \/>\n<meta property=\"og:site_name\" content=\"Encuentra Hosting y Dominio en Colombia PBX Virtual\" \/>\n<meta property=\"article:modified_time\" content=\"2025-10-05T20:36:40+00:00\" \/>\n<meta name=\"twitter:card\" content=\"summary_large_image\" \/>\n<meta name=\"twitter:label1\" content=\"Tiempo de lectura\" \/>\n\t<meta name=\"twitter:data1\" content=\"13 minutos\" \/>\n<script type=\"application\/ld+json\" class=\"yoast-schema-graph\">{\"@context\":\"https:\/\/schema.org\",\"@graph\":[{\"@type\":\"WebPage\",\"@id\":\"https:\/\/servercolombia.com.co\/sitio\/about\/terminos-y-condiciones\/\",\"url\":\"https:\/\/servercolombia.com.co\/sitio\/about\/terminos-y-condiciones\/\",\"name\":\"T\u00c9RMINOS Y CONDICIONES - Encuentra Hosting y Dominio en Colombia PBX Virtual\",\"isPartOf\":{\"@id\":\"https:\/\/servercolombia.com.co\/sitio\/#website\"},\"datePublished\":\"2020-08-11T09:37:22+00:00\",\"dateModified\":\"2025-10-05T20:36:40+00:00\",\"breadcrumb\":{\"@id\":\"https:\/\/servercolombia.com.co\/sitio\/about\/terminos-y-condiciones\/#breadcrumb\"},\"inLanguage\":\"es\",\"potentialAction\":[{\"@type\":\"ReadAction\",\"target\":[\"https:\/\/servercolombia.com.co\/sitio\/about\/terminos-y-condiciones\/\"]}]},{\"@type\":\"BreadcrumbList\",\"@id\":\"https:\/\/servercolombia.com.co\/sitio\/about\/terminos-y-condiciones\/#breadcrumb\",\"itemListElement\":[{\"@type\":\"ListItem\",\"position\":1,\"name\":\"Portada\",\"item\":\"https:\/\/servercolombia.com.co\/sitio\/\"},{\"@type\":\"ListItem\",\"position\":2,\"name\":\"About\",\"item\":\"https:\/\/servercolombia.com.co\/sitio\/about\/\"},{\"@type\":\"ListItem\",\"position\":3,\"name\":\"T\u00c9RMINOS Y CONDICIONES\"}]},{\"@type\":\"WebSite\",\"@id\":\"https:\/\/servercolombia.com.co\/sitio\/#website\",\"url\":\"https:\/\/servercolombia.com.co\/sitio\/\",\"name\":\"Encuentra Hosting y Dominio en Colombia PBX Virtual\",\"description\":\"Hosting y Dominios al mejor precio en Colombia PBX  Virtual\",\"potentialAction\":[{\"@type\":\"SearchAction\",\"target\":{\"@type\":\"EntryPoint\",\"urlTemplate\":\"https:\/\/servercolombia.com.co\/sitio\/?s={search_term_string}\"},\"query-input\":{\"@type\":\"PropertyValueSpecification\",\"valueRequired\":true,\"valueName\":\"search_term_string\"}}],\"inLanguage\":\"es\"}]}<\/script>\n<!-- \/ Yoast SEO plugin. -->","yoast_head_json":{"title":"T\u00c9RMINOS Y CONDICIONES - Encuentra Hosting y Dominio en Colombia PBX Virtual","robots":{"index":"index","follow":"follow","max-snippet":"max-snippet:-1","max-image-preview":"max-image-preview:large","max-video-preview":"max-video-preview:-1"},"canonical":"https:\/\/servercolombia.com.co\/sitio\/about\/terminos-y-condiciones\/","og_locale":"es_ES","og_type":"article","og_title":"T\u00c9RMINOS Y CONDICIONES - Encuentra Hosting y Dominio en Colombia PBX Virtual","og_url":"https:\/\/servercolombia.com.co\/sitio\/about\/terminos-y-condiciones\/","og_site_name":"Encuentra Hosting y Dominio en Colombia PBX Virtual","article_modified_time":"2025-10-05T20:36:40+00:00","twitter_card":"summary_large_image","twitter_misc":{"Tiempo de lectura":"13 minutos"},"schema":{"@context":"https:\/\/schema.org","@graph":[{"@type":"WebPage","@id":"https:\/\/servercolombia.com.co\/sitio\/about\/terminos-y-condiciones\/","url":"https:\/\/servercolombia.com.co\/sitio\/about\/terminos-y-condiciones\/","name":"T\u00c9RMINOS Y CONDICIONES - Encuentra Hosting y Dominio en Colombia PBX Virtual","isPartOf":{"@id":"https:\/\/servercolombia.com.co\/sitio\/#website"},"datePublished":"2020-08-11T09:37:22+00:00","dateModified":"2025-10-05T20:36:40+00:00","breadcrumb":{"@id":"https:\/\/servercolombia.com.co\/sitio\/about\/terminos-y-condiciones\/#breadcrumb"},"inLanguage":"es","potentialAction":[{"@type":"ReadAction","target":["https:\/\/servercolombia.com.co\/sitio\/about\/terminos-y-condiciones\/"]}]},{"@type":"BreadcrumbList","@id":"https:\/\/servercolombia.com.co\/sitio\/about\/terminos-y-condiciones\/#breadcrumb","itemListElement":[{"@type":"ListItem","position":1,"name":"Portada","item":"https:\/\/servercolombia.com.co\/sitio\/"},{"@type":"ListItem","position":2,"name":"About","item":"https:\/\/servercolombia.com.co\/sitio\/about\/"},{"@type":"ListItem","position":3,"name":"T\u00c9RMINOS Y CONDICIONES"}]},{"@type":"WebSite","@id":"https:\/\/servercolombia.com.co\/sitio\/#website","url":"https:\/\/servercolombia.com.co\/sitio\/","name":"Encuentra Hosting y Dominio en Colombia PBX Virtual","description":"Hosting y Dominios al mejor precio en Colombia PBX  Virtual","potentialAction":[{"@type":"SearchAction","target":{"@type":"EntryPoint","urlTemplate":"https:\/\/servercolombia.com.co\/sitio\/?s={search_term_string}"},"query-input":{"@type":"PropertyValueSpecification","valueRequired":true,"valueName":"search_term_string"}}],"inLanguage":"es"}]}},"_links":{"self":[{"href":"https:\/\/servercolombia.com.co\/sitio\/wp-json\/wp\/v2\/pages\/1598","targetHints":{"allow":["GET"]}}],"collection":[{"href":"https:\/\/servercolombia.com.co\/sitio\/wp-json\/wp\/v2\/pages"}],"about":[{"href":"https:\/\/servercolombia.com.co\/sitio\/wp-json\/wp\/v2\/types\/page"}],"author":[{"embeddable":true,"href":"https:\/\/servercolombia.com.co\/sitio\/wp-json\/wp\/v2\/users\/1"}],"replies":[{"embeddable":true,"href":"https:\/\/servercolombia.com.co\/sitio\/wp-json\/wp\/v2\/comments?post=1598"}],"version-history":[{"count":2,"href":"https:\/\/servercolombia.com.co\/sitio\/wp-json\/wp\/v2\/pages\/1598\/revisions"}],"predecessor-version":[{"id":5282,"href":"https:\/\/servercolombia.com.co\/sitio\/wp-json\/wp\/v2\/pages\/1598\/revisions\/5282"}],"up":[{"embeddable":true,"href":"https:\/\/servercolombia.com.co\/sitio\/wp-json\/wp\/v2\/pages\/11"}],"wp:attachment":[{"href":"https:\/\/servercolombia.com.co\/sitio\/wp-json\/wp\/v2\/media?parent=1598"}],"curies":[{"name":"wp","href":"https:\/\/api.w.org\/{rel}","templated":true}]}}