{"id":1200,"date":"2018-09-11T09:39:24","date_gmt":"2018-09-11T09:39:24","guid":{"rendered":"http:\/\/law-firm.bold-themes.com\/master-import\/?page_id=1200"},"modified":"2025-07-30T14:50:47","modified_gmt":"2025-07-30T14:50:47","slug":"blog-grid","status":"publish","type":"page","link":"https:\/\/servercolombia.com.co\/sitio\/blog\/blog-grid\/","title":{"rendered":"Blog Grid"},"content":{"rendered":"<p><section data-bb-version=\"5.4.2\" id=\"bt_bb_section69f3d74160cd4\" class=\"bt_bb_section bt_bb_color_scheme_1 bt_bb_layout_boxed_1200 bt_bb_vertical_align_top bt_bb_background_overlay_top_dark_gradient bt_bb_bottom_section_coverage_image bt_bb_section_with_bottom_coverage_image bt_bb_top_spacing_large bt_bb_bottom_spacing_large\" style=\"; --section-primary-color:#ffffff; --section-secondary-color:#191919;\" data-bt-override-class=\"{&quot;bt_bb_top_spacing_&quot;:{&quot;current_class&quot;:&quot;bt_bb_top_spacing_large&quot;,&quot;def&quot;:&quot;large&quot;},&quot;bt_bb_bottom_spacing_&quot;:{&quot;current_class&quot;:&quot;bt_bb_bottom_spacing_large&quot;,&quot;def&quot;:&quot;large&quot;},&quot;bt_bb_animation_&quot;:{&quot;current_class&quot;:&quot;bt_bb_animation_no_animation&quot;,&quot;def&quot;:&quot;no_animation&quot;}}\"><div class=\"bt_bb_background_image_holder_wrapper\"><div class=\"bt_bb_background_image_holder btLazyLoadBackground bt_bb_parallax\"  data-background_image_src=\"https:\/\/servercolombia.com.co\/sitio\/wp-content\/uploads\/2025\/07\/blog.jpg\" data-parallax=\"0.7\" data-parallax-offset=\"0\" data-parallax-zoom-start=\"1\" data-parallax-zoom-end=\"1\" data-parallax-blur-start=\"0\" data-parallax-blur-end=\"0\" data-parallax-opacity-start=\"1\" data-parallax-opacity-end=\"1\" style=\" background-image: url(&#039;https:\/\/servercolombia.com.co\/sitio\/wp-content\/plugins\/bold-page-builder\/img\/blank.gif&#039;);\"><\/div><\/div><div class=\"bt_bb_port\"><div class=\"bt_bb_cell\"><div class=\"bt_bb_cell_inner\"><div class=\"bt_bb_row \"  data-bt-override-class=\"{}\"><div class=\"bt_bb_row_holder\" ><div  class=\"bt_bb_column col-xxl-6 col-xl-6 bt_bb_vertical_align_top bt_bb_align_left bt_bb_padding_normal bt_bb_animation_fade_in animate\" style=\"; --column-width:6;\" data-width=\"6\" data-bt-override-class=\"{}\"><div class=\"bt_bb_column_content\"><div class=\"bt_bb_column_content_inner\"><div class=\"bt_bb_separator bt_bb_border_style_none bt_bb_border_color_none bt_bb_bottom_spacing_large bt_bb_hidden_xs bt_bb_hidden_ms\" data-bt-override-class=\"null\"><\/div><header data-bb-version=\"5.4.2\" class=\"bt_bb_headline bt_bb_dash_none bt_bb_subheadline bt_bb_size_extralarge bt_bb_align_inherit\" data-bt-override-class=\"{&quot;bt_bb_size_&quot;:{&quot;current_class&quot;:&quot;bt_bb_size_extralarge&quot;,&quot;def&quot;:&quot;extralarge&quot;},&quot;bt_bb_align_&quot;:{&quot;current_class&quot;:&quot;bt_bb_align_inherit&quot;,&quot;def&quot;:&quot;inherit&quot;}}\"><h2 class=\"bt_bb_headline_tag\"><span class=\"bt_bb_headline_content\"><span>\u00daltimas noticias<\/span><\/span><\/h2><div class=\"bt_bb_headline_subheadline\">Somos una empresa joven y creativa y te ofrecemos ideas frescas de negocio para tu equipo y empresa.<\/div><\/header><div class=\"bt_bb_separator bt_bb_border_style_none bt_bb_border_color_none bt_bb_top_spacing_medium bt_bb_bottom_spacing_large bt_bb_hidden_xs bt_bb_hidden_ms\" data-bt-override-class=\"null\"><\/div><\/div><\/div><\/div><div  class=\"bt_bb_column col-xxl-6 col-xl-6 bt_bb_vertical_align_top bt_bb_align_left bt_bb_padding_normal\" style=\"; --column-width:6;\" data-width=\"6\" data-bt-override-class=\"{}\"><div class=\"bt_bb_column_content\"><div class=\"bt_bb_column_content_inner\"><\/div><\/div><\/div><\/div><\/div><\/div><!-- cell_inner --><\/div><!-- cell --><\/div><!-- port --><div class=\"bt_bb_section_bottom_section_coverage_image\"><img decoding=\"async\" src=\"https:\/\/servercolombia.com.co\/sitio\/wp-content\/uploads\/2020\/08\/Wave_White_bottom_right_shape_02.png\" alt=\"bt_bb_section_bottom_section_coverage_image\" \/><\/div><\/section><section id=\"bt_bb_section69f3d74161107\" class=\"bt_bb_section bt_bb_layout_boxed_1200 bt_bb_vertical_align_top bt_bb_top_spacing_medium bt_bb_bottom_spacing_large\"  data-bt-override-class=\"null\"><div class=\"bt_bb_port\"><div class=\"bt_bb_cell\"><div class=\"bt_bb_cell_inner\"><div class=\"bt_bb_row \"  data-bt-override-class=\"{}\"><div class=\"bt_bb_row_holder\" ><div  class=\"bt_bb_column col-xxl-12 col-xl-12 bt_bb_vertical_align_top bt_bb_align_left bt_bb_padding_normal bt_bb_animation_fade_in animate\" style=\"; --column-width:12;\" data-width=\"12\" data-bt-override-class=\"{}\"><div class=\"bt_bb_column_content\"><div class=\"bt_bb_column_content_inner\"><div class=\"bt_bb_masonry_post_grid bt_bb_grid_container bt_bb_columns_3 bt_bb_gap_normal bt_bb_show_read_more_show_read_more\" data-columns=\"3\"><div class=\"bt_bb_post_grid_filter\"><span class=\"bt_bb_post_grid_filter_item active\" data-category=\"\">All<\/span><span class=\"bt_bb_post_grid_filter_item\" data-category=\"caso-de-exito\">Caso de \u00c9xito<\/span><span class=\"bt_bb_post_grid_filter_item\" data-category=\"comunicaciones-empresariales\">Comunicaciones Empresariales<\/span><span class=\"bt_bb_post_grid_filter_item\" data-category=\"marketing-y-crecimiento\">Marketing y Crecimiento<\/span><span class=\"bt_bb_post_grid_filter_item\" data-category=\"presencia-digital\">Presencia Digital<\/span><span class=\"bt_bb_post_grid_filter_item\" data-category=\"tecnologia-para-negocios\">Tecnolog\u00eda para Negocios<\/span><\/div><div class=\"bt_bb_masonry_post_grid_content bt_bb_grid_hide\" data-bt-bb-masonry-post-grid-nonce=\"50b16d8f72\" data-number=\"1000\" data-category=\"\" data-show=\"a%3A6%3A%7Bs%3A8%3A%22category%22%3Bb%3A1%3Bs%3A4%3A%22date%22%3Bb%3A0%3Bs%3A6%3A%22author%22%3Bb%3A0%3Bs%3A8%3A%22comments%22%3Bb%3A0%3Bs%3A7%3A%22excerpt%22%3Bb%3A0%3Bs%3A9%3A%22read_more%22%3Bb%3A1%3B%7D\" data-auto-loading=\"\" data-post-type=\"post\"><div class=\"bt_bb_grid_sizer\"><\/div><\/div><div class=\"bt_bb_post_grid_loader\"><\/div><\/div><\/div><\/div><\/div><\/div><\/div><\/div><!-- cell_inner --><\/div><!-- cell --><\/div><!-- port --><\/section><\/p>\n","protected":false},"excerpt":{"rendered":"","protected":false},"author":1,"featured_media":0,"parent":25,"menu_order":0,"comment_status":"closed","ping_status":"closed","template":"","meta":{"footnotes":""},"class_list":["post-1200","page","type-page","status-publish","hentry"],"yoast_head":"<!-- This site is optimized with the Yoast SEO plugin v23.6 - https:\/\/yoast.com\/wordpress\/plugins\/seo\/ -->\n<title>Blog Grid - Encuentra Hosting y Dominio en Colombia PBX Virtual<\/title>\n<meta name=\"description\" content=\"Explora art\u00edculos sobre marketing digital, p\u00e1ginas web, PBX virtual, dominios y m\u00e1s. Consejos pr\u00e1cticos para hacer crecer tu negocio online.\" \/>\n<meta name=\"robots\" content=\"index, follow, max-snippet:-1, max-image-preview:large, max-video-preview:-1\" \/>\n<link rel=\"canonical\" href=\"https:\/\/servercolombia.com.co\/sitio\/blog\/blog-grid\/\" \/>\n<meta property=\"og:locale\" content=\"es_ES\" \/>\n<meta property=\"og:type\" content=\"article\" \/>\n<meta property=\"og:title\" content=\"Blog Grid - Encuentra Hosting y Dominio en Colombia PBX Virtual\" \/>\n<meta property=\"og:description\" content=\"Explora art\u00edculos sobre marketing digital, p\u00e1ginas web, PBX virtual, dominios y m\u00e1s. Consejos pr\u00e1cticos para hacer crecer tu negocio online.\" \/>\n<meta property=\"og:url\" content=\"https:\/\/servercolombia.com.co\/sitio\/blog\/blog-grid\/\" \/>\n<meta property=\"og:site_name\" content=\"Encuentra Hosting y Dominio en Colombia PBX Virtual\" \/>\n<meta property=\"article:modified_time\" content=\"2025-07-30T14:50:47+00:00\" \/>\n<meta name=\"twitter:card\" content=\"summary_large_image\" \/>\n<meta name=\"twitter:label1\" content=\"Tiempo de lectura\" \/>\n\t<meta name=\"twitter:data1\" content=\"1 minuto\" \/>\n<script type=\"application\/ld+json\" class=\"yoast-schema-graph\">{\"@context\":\"https:\/\/schema.org\",\"@graph\":[{\"@type\":\"WebPage\",\"@id\":\"https:\/\/servercolombia.com.co\/sitio\/blog\/blog-grid\/\",\"url\":\"https:\/\/servercolombia.com.co\/sitio\/blog\/blog-grid\/\",\"name\":\"Blog Grid - Encuentra Hosting y Dominio en Colombia PBX Virtual\",\"isPartOf\":{\"@id\":\"https:\/\/servercolombia.com.co\/sitio\/#website\"},\"datePublished\":\"2018-09-11T09:39:24+00:00\",\"dateModified\":\"2025-07-30T14:50:47+00:00\",\"description\":\"Explora art\u00edculos sobre marketing digital, p\u00e1ginas web, PBX virtual, dominios y m\u00e1s. Consejos pr\u00e1cticos para hacer crecer tu negocio online.\",\"breadcrumb\":{\"@id\":\"https:\/\/servercolombia.com.co\/sitio\/blog\/blog-grid\/#breadcrumb\"},\"inLanguage\":\"es\",\"potentialAction\":[{\"@type\":\"ReadAction\",\"target\":[\"https:\/\/servercolombia.com.co\/sitio\/blog\/blog-grid\/\"]}]},{\"@type\":\"BreadcrumbList\",\"@id\":\"https:\/\/servercolombia.com.co\/sitio\/blog\/blog-grid\/#breadcrumb\",\"itemListElement\":[{\"@type\":\"ListItem\",\"position\":1,\"name\":\"Portada\",\"item\":\"https:\/\/servercolombia.com.co\/sitio\/\"},{\"@type\":\"ListItem\",\"position\":2,\"name\":\"Blog\",\"item\":\"https:\/\/servercolombia.com.co\/sitio\/blog\/\"},{\"@type\":\"ListItem\",\"position\":3,\"name\":\"Blog Grid\"}]},{\"@type\":\"WebSite\",\"@id\":\"https:\/\/servercolombia.com.co\/sitio\/#website\",\"url\":\"https:\/\/servercolombia.com.co\/sitio\/\",\"name\":\"Encuentra Hosting y Dominio en Colombia PBX Virtual\",\"description\":\"Hosting y Dominios al mejor precio en Colombia PBX  Virtual\",\"potentialAction\":[{\"@type\":\"SearchAction\",\"target\":{\"@type\":\"EntryPoint\",\"urlTemplate\":\"https:\/\/servercolombia.com.co\/sitio\/?s={search_term_string}\"},\"query-input\":{\"@type\":\"PropertyValueSpecification\",\"valueRequired\":true,\"valueName\":\"search_term_string\"}}],\"inLanguage\":\"es\"}]}<\/script>\n<!-- \/ Yoast SEO plugin. -->","yoast_head_json":{"title":"Blog Grid - Encuentra Hosting y Dominio en Colombia PBX Virtual","description":"Explora art\u00edculos sobre marketing digital, p\u00e1ginas web, PBX virtual, dominios y m\u00e1s. Consejos pr\u00e1cticos para hacer crecer tu negocio online.","robots":{"index":"index","follow":"follow","max-snippet":"max-snippet:-1","max-image-preview":"max-image-preview:large","max-video-preview":"max-video-preview:-1"},"canonical":"https:\/\/servercolombia.com.co\/sitio\/blog\/blog-grid\/","og_locale":"es_ES","og_type":"article","og_title":"Blog Grid - Encuentra Hosting y Dominio en Colombia PBX Virtual","og_description":"Explora art\u00edculos sobre marketing digital, p\u00e1ginas web, PBX virtual, dominios y m\u00e1s. Consejos pr\u00e1cticos para hacer crecer tu negocio online.","og_url":"https:\/\/servercolombia.com.co\/sitio\/blog\/blog-grid\/","og_site_name":"Encuentra Hosting y Dominio en Colombia PBX Virtual","article_modified_time":"2025-07-30T14:50:47+00:00","twitter_card":"summary_large_image","twitter_misc":{"Tiempo de lectura":"1 minuto"},"schema":{"@context":"https:\/\/schema.org","@graph":[{"@type":"WebPage","@id":"https:\/\/servercolombia.com.co\/sitio\/blog\/blog-grid\/","url":"https:\/\/servercolombia.com.co\/sitio\/blog\/blog-grid\/","name":"Blog Grid - Encuentra Hosting y Dominio en Colombia PBX Virtual","isPartOf":{"@id":"https:\/\/servercolombia.com.co\/sitio\/#website"},"datePublished":"2018-09-11T09:39:24+00:00","dateModified":"2025-07-30T14:50:47+00:00","description":"Explora art\u00edculos sobre marketing digital, p\u00e1ginas web, PBX virtual, dominios y m\u00e1s. Consejos pr\u00e1cticos para hacer crecer tu negocio online.","breadcrumb":{"@id":"https:\/\/servercolombia.com.co\/sitio\/blog\/blog-grid\/#breadcrumb"},"inLanguage":"es","potentialAction":[{"@type":"ReadAction","target":["https:\/\/servercolombia.com.co\/sitio\/blog\/blog-grid\/"]}]},{"@type":"BreadcrumbList","@id":"https:\/\/servercolombia.com.co\/sitio\/blog\/blog-grid\/#breadcrumb","itemListElement":[{"@type":"ListItem","position":1,"name":"Portada","item":"https:\/\/servercolombia.com.co\/sitio\/"},{"@type":"ListItem","position":2,"name":"Blog","item":"https:\/\/servercolombia.com.co\/sitio\/blog\/"},{"@type":"ListItem","position":3,"name":"Blog Grid"}]},{"@type":"WebSite","@id":"https:\/\/servercolombia.com.co\/sitio\/#website","url":"https:\/\/servercolombia.com.co\/sitio\/","name":"Encuentra Hosting y Dominio en Colombia PBX Virtual","description":"Hosting y Dominios al mejor precio en Colombia PBX  Virtual","potentialAction":[{"@type":"SearchAction","target":{"@type":"EntryPoint","urlTemplate":"https:\/\/servercolombia.com.co\/sitio\/?s={search_term_string}"},"query-input":{"@type":"PropertyValueSpecification","valueRequired":true,"valueName":"search_term_string"}}],"inLanguage":"es"}]}},"_links":{"self":[{"href":"https:\/\/servercolombia.com.co\/sitio\/wp-json\/wp\/v2\/pages\/1200","targetHints":{"allow":["GET"]}}],"collection":[{"href":"https:\/\/servercolombia.com.co\/sitio\/wp-json\/wp\/v2\/pages"}],"about":[{"href":"https:\/\/servercolombia.com.co\/sitio\/wp-json\/wp\/v2\/types\/page"}],"author":[{"embeddable":true,"href":"https:\/\/servercolombia.com.co\/sitio\/wp-json\/wp\/v2\/users\/1"}],"replies":[{"embeddable":true,"href":"https:\/\/servercolombia.com.co\/sitio\/wp-json\/wp\/v2\/comments?post=1200"}],"version-history":[{"count":1,"href":"https:\/\/servercolombia.com.co\/sitio\/wp-json\/wp\/v2\/pages\/1200\/revisions"}],"predecessor-version":[{"id":5203,"href":"https:\/\/servercolombia.com.co\/sitio\/wp-json\/wp\/v2\/pages\/1200\/revisions\/5203"}],"up":[{"embeddable":true,"href":"https:\/\/servercolombia.com.co\/sitio\/wp-json\/wp\/v2\/pages\/25"}],"wp:attachment":[{"href":"https:\/\/servercolombia.com.co\/sitio\/wp-json\/wp\/v2\/media?parent=1200"}],"curies":[{"name":"wp","href":"https:\/\/api.w.org\/{rel}","templated":true}]}}